{"id":1540,"date":"2021-10-03T08:15:35","date_gmt":"2021-10-03T08:15:35","guid":{"rendered":"https:\/\/fisioterapiaenibiza.com\/specialties-and-treatments\/fisioterapia-neurologica\/"},"modified":"2026-02-05T08:13:59","modified_gmt":"2026-02-05T07:13:59","slug":"neurological-physiotherapy","status":"publish","type":"page","link":"https:\/\/staging.fisioterapiaenibiza.com\/en\/specialties-and-treatments\/neurological-physiotherapy\/","title":{"rendered":"Neurological Physical Therapy"},"content":{"rendered":"\t\t<div data-elementor-type=\"wp-page\" data-elementor-id=\"1540\" class=\"elementor elementor-1540 elementor-651\" data-elementor-post-type=\"page\">\n\t\t\t\t<div class=\"elementor-element elementor-element-192c7ae e-flex e-con-boxed e-con e-parent\" data-id=\"192c7ae\" data-element_type=\"container\" data-e-type=\"container\" data-settings=\"{&quot;background_background&quot;:&quot;classic&quot;}\">\n\t\t\t\t\t<div class=\"e-con-inner\">\n\t\t\t\t<div class=\"elementor-element elementor-element-adc3b22 elementor-widget elementor-widget-heading\" data-id=\"adc3b22\" data-element_type=\"widget\" data-e-type=\"widget\" data-widget_type=\"heading.default\">\n\t\t\t\t\t<h1 class=\"elementor-heading-title elementor-size-default\">Fisioterapia Neurol\u00f3gica en Ibiza<\/h1>\t\t\t\t<\/div>\n\t\t\t\t<div class=\"elementor-element elementor-element-0463c96 elementor-widget elementor-widget-breadcrumbs\" data-id=\"0463c96\" data-element_type=\"widget\" data-e-type=\"widget\" data-widget_type=\"breadcrumbs.default\">\n\t\t\t\t<div class=\"elementor-widget-container\">\n\t\t\t\t\t<nav aria-label=\"breadcrumbs\" class=\"rank-math-breadcrumb\"><p><span class=\"last\">Fisioterapia Ibiza<\/span><\/p><\/nav>\t\t\t\t<\/div>\n\t\t\t\t<\/div>\n\t\t\t\t\t<\/div>\n\t\t\t\t<\/div>\n\t\t<div class=\"elementor-element elementor-element-a47c64c e-flex e-con-boxed e-con e-parent\" data-id=\"a47c64c\" data-element_type=\"container\" data-e-type=\"container\">\n\t\t\t\t\t<div class=\"e-con-inner\">\n\t\t<div class=\"elementor-element elementor-element-d35fcf6 e-con-full e-flex e-con e-child\" data-id=\"d35fcf6\" data-element_type=\"container\" data-e-type=\"container\">\n\t\t\t\t<div class=\"elementor-element elementor-element-e206fd2 elementor-widget elementor-widget-text-editor\" data-id=\"e206fd2\" data-element_type=\"widget\" data-e-type=\"widget\" data-widget_type=\"text-editor.default\">\n\t\t\t\t\t\t\t\t\t<p>La fisioterapia neurol\u00f3gica es una forma de rehabilitaci\u00f3n dirigida a personas con afecciones neurol\u00f3gicas que afectan el cerebro, la m\u00e9dula espinal o los nervios perif\u00e9ricos, lo que provoca dificultades en funciones f\u00edsicas como la movilidad, la fuerza muscular, la amplitud de movimiento y el equilibrio.<\/p><p>El objetivo de la fisioterapia neurol\u00f3gica es mejorar la calidad de vida de quienes padecen estas condiciones.<\/p><p>En\u00a0<a href=\"https:\/\/fisioterapiaenibiza.com\/\">Fisioterapia en Ibiza<\/a>, tratamos a pacientes con diversas condiciones neurol\u00f3gicas, incluyendo traumatismos cr\u00e1neo encef\u00e1licos (TCE), hemiplejias, lesiones medulares, entre otras.<\/p>\t\t\t\t\t\t\t\t<\/div>\n\t\t\t\t<div class=\"elementor-element elementor-element-ad46893 elementor-widget elementor-widget-heading\" data-id=\"ad46893\" data-element_type=\"widget\" data-e-type=\"widget\" data-widget_type=\"heading.default\">\n\t\t\t\t\t<h2 class=\"elementor-heading-title elementor-size-default\">En qu\u00e9 consiste el tratamiento de fisioterapia neurol\u00f3gica<\/h2>\t\t\t\t<\/div>\n\t\t\t\t<div class=\"elementor-element elementor-element-53382a3 elementor-widget elementor-widget-text-editor\" data-id=\"53382a3\" data-element_type=\"widget\" data-e-type=\"widget\" data-widget_type=\"text-editor.default\">\n\t\t\t\t\t\t\t\t\t<p>La fisioterapia neurol\u00f3gica se basa en una serie de m\u00e9todos de\u00a0<a href=\"https:\/\/fisioterapiaenibiza.com\/especialidades-y-tratamientos\/rehabilitacion-en-traumatologia-y-ortopedia\/\">rehabilitaci\u00f3n<\/a>\u00a0como los siguientes a continuaci\u00f3n:<\/p>\t\t\t\t\t\t\t\t<\/div>\n\t\t\t\t<\/div>\n\t\t\t\t<div class=\"elementor-element elementor-element-4968851 elementor-widget__width-initial elementor-widget-mobile__width-inherit elementor-widget elementor-widget-image\" data-id=\"4968851\" data-element_type=\"widget\" data-e-type=\"widget\" data-widget_type=\"image.default\">\n\t\t\t\t\t\t\t\t\t\t\t\t\t\t\t<img fetchpriority=\"high\" decoding=\"async\" width=\"505\" height=\"644\" src=\"https:\/\/staging.fisioterapiaenibiza.com\/wp-content\/uploads\/fisioterapia-neurologica-ibiza.jpg\" class=\"attachment-large size-large wp-image-690\" alt=\"fisioterapia-neurologica-ibiza\" srcset=\"https:\/\/staging.fisioterapiaenibiza.com\/wp-content\/uploads\/fisioterapia-neurologica-ibiza.jpg 505w, https:\/\/staging.fisioterapiaenibiza.com\/wp-content\/uploads\/fisioterapia-neurologica-ibiza-235x300.jpg 235w\" sizes=\"(max-width: 505px) 100vw, 505px\" title=\"\">\t\t\t\t\t\t\t\t\t\t\t\t\t\t\t<\/div>\n\t\t\t\t\t<\/div>\n\t\t\t\t<\/div>\n\t\t<div class=\"elementor-element elementor-element-a6392c0 e-flex e-con-boxed e-con e-parent\" data-id=\"a6392c0\" data-element_type=\"container\" data-e-type=\"container\">\n\t\t\t\t\t<div class=\"e-con-inner\">\n\t\t\t\t<div class=\"elementor-element elementor-element-5d2254b elementor-widget elementor-widget-text-editor\" data-id=\"5d2254b\" data-element_type=\"widget\" data-e-type=\"widget\" data-widget_type=\"text-editor.default\">\n\t\t\t\t\t\t\t\t\t<ul><li class=\"cqlist-item\">El cerebro humano es din\u00e1mico y puede adaptarse a los cambios despu\u00e9s de una lesi\u00f3n cerebral<\/li><li class=\"cqlist-item\">Se debe adaptar el tratamiento a los s\u00edntomas de c\u00f3mo utilizarlo para el fortalecimiento, la estimulaci\u00f3n sensorial<\/li><li class=\"cqlist-item\">Fomentar el movimiento y las funciones normales<\/li><li class=\"cqlist-item\">Corregir la postura al estar acostado, sentado y de pie<\/li><li class=\"cqlist-item\">Aumentar las actividades funcionales basadas en las tareas cotidianas<\/li><li class=\"cqlist-item\">Uso de indicaciones verbales y visuales para animar al paciente a pensar en la tarea y aprender del tratamiento<\/li><li class=\"cqlist-item\">Prevenci\u00f3n del acortamiento muscular, ya que este produce espasmos y movimientos anormales.<\/li><li class=\"cqlist-item\">Trabajo en equipo para la rehabilitaci\u00f3n de los pacientes<\/li><li class=\"cqlist-item\">Implicar activamente al paciente en las sesiones de tratamiento<\/li><li class=\"cqlist-item\">Lograr el mayor grado posible de independencia y calidad de vida<\/li><\/ul><p>\u00a0<\/p><p>Utilizamos diversos m\u00e9todos de rehabilitaci\u00f3n para mejorar la movilidad, fuerza y equilibrio en personas con afecciones neurol\u00f3gicas.\u00a0 El objetivo es prevenir el acortamiento muscular, involucrar activamente al paciente en el tratamiento y lograr la mayor independencia y calidad de vida posible.<\/p>\t\t\t\t\t\t\t\t<\/div>\n\t\t\t\t\t<\/div>\n\t\t\t\t<\/div>\n\t\t<div class=\"elementor-element elementor-element-4d9f9e6 e-flex e-con-boxed e-con e-parent\" data-id=\"4d9f9e6\" data-element_type=\"container\" data-e-type=\"container\">\n\t\t\t\t\t<div class=\"e-con-inner\">\n\t\t<div class=\"elementor-element elementor-element-e07182e e-con-full e-flex e-con e-child\" data-id=\"e07182e\" data-element_type=\"container\" data-e-type=\"container\">\n\t\t\t\t<div class=\"elementor-element elementor-element-a4570f6 elementor-widget elementor-widget-heading\" data-id=\"a4570f6\" data-element_type=\"widget\" data-e-type=\"widget\" data-widget_type=\"heading.default\">\n\t\t\t\t\t<h2 class=\"elementor-heading-title elementor-size-default\">Beneficios de la fisioterapia neurol\u00f3gica<\/h2>\t\t\t\t<\/div>\n\t\t\t\t<div class=\"elementor-element elementor-element-f4fea2b elementor-widget elementor-widget-text-editor\" data-id=\"f4fea2b\" data-element_type=\"widget\" data-e-type=\"widget\" data-widget_type=\"text-editor.default\">\n\t\t\t\t\t\t\t\t\t<p>Despu\u00e9s de producirse una lesi\u00f3n es importante comenzar con el tratamiento de fisioterapia neurol\u00f3gica cuanto antes. El tratamiento utilizado variar\u00e1 dependiendo de la persona, del grado de la<a href=\"https:\/\/fisioterapiaenibiza.com\/especialidades-y-tratamientos\/fisioterapia-en-lesiones-deportivas\/\">\u00a0lesi\u00f3n<\/a>\u00a0y de sus objetivos<\/p><p>Por lo general, tras una lesi\u00f3n neuronal la fuerza muscular y el movimiento se ven afectados. Los m\u00fasculos tienden a debilitarse y se tensan produciendo espasmos. Tambi\u00e9n se pueden dar dificultades en el habla y en el tragar. Un tratamiento de fisioterapia neuronal ayuda a:<\/p><ul><li class=\"cqlist-item\">Facilitar la realizaci\u00f3n de movimientos precisos<\/li><li class=\"cqlist-item\">Reforzar los patrones normales de movimiento<\/li><li class=\"cqlist-item\">Mejorar la capacidad de las actividades cotidianas<\/li><li class=\"cqlist-item\">Aumentar la fuerza muscular<\/li><li class=\"cqlist-item\">Aumentar la amplitud de movimiento<\/li><li class=\"cqlist-item\">Mejorar la motricidad<\/li><li class=\"cqlist-item\">Mejorar la postura<\/li><li class=\"cqlist-item\">Aumentar el equilibrio<\/li><li class=\"cqlist-item\">Alargar los m\u00fasculos tensos para ayudar a disminuir los espasmos<\/li><li class=\"cqlist-item\">Aumentar los niveles de resistencia<\/li><li class=\"cqlist-item\">Ayudar a los\u00a0<a>problemas de respiraci\u00f3n<\/a><\/li><li class=\"cqlist-item\">Reducir el riesgo de infecciones tor\u00e1cicas<\/li><li class=\"cqlist-item\">Reducir el riesgo de ca\u00eddas<\/li><li class=\"cqlist-item\">Reducir el estr\u00e9s y la ansiedad<\/li><li class=\"cqlist-item\">Aliviar el dolor<\/li><li class=\"cqlist-item\">Aumentar la independencia<\/li><li class=\"cqlist-item\">Alcanzar el m\u00e1ximo potencial<\/li><\/ul>\t\t\t\t\t\t\t\t<\/div>\n\t\t\t\t<\/div>\n\t\t<div class=\"elementor-element elementor-element-430401f e-con-full e-flex e-con e-child\" data-id=\"430401f\" data-element_type=\"container\" data-e-type=\"container\">\n\t\t\t\t<div class=\"elementor-element elementor-element-c6d16e0 elementor-widget elementor-widget-image\" data-id=\"c6d16e0\" data-element_type=\"widget\" data-e-type=\"widget\" data-widget_type=\"image.default\">\n\t\t\t\t\t\t\t\t\t\t\t\t\t\t\t<img decoding=\"async\" width=\"305\" height=\"204\" src=\"https:\/\/staging.fisioterapiaenibiza.com\/wp-content\/uploads\/fisioterapia-neurologica-ibiza-1-1.jpg\" class=\"attachment-large size-large wp-image-703\" alt=\"\" srcset=\"https:\/\/staging.fisioterapiaenibiza.com\/wp-content\/uploads\/fisioterapia-neurologica-ibiza-1-1.jpg 305w, https:\/\/staging.fisioterapiaenibiza.com\/wp-content\/uploads\/fisioterapia-neurologica-ibiza-1-1-300x201.jpg 300w\" sizes=\"(max-width: 305px) 100vw, 305px\" title=\"\">\t\t\t\t\t\t\t\t\t\t\t\t\t\t\t<\/div>\n\t\t\t\t<\/div>\n\t\t\t\t\t<\/div>\n\t\t\t\t<\/div>\n\t\t<div class=\"elementor-element elementor-element-d8ff33a e-flex e-con-boxed e-con e-parent\" data-id=\"d8ff33a\" data-element_type=\"container\" data-e-type=\"container\">\n\t\t\t\t\t<div class=\"e-con-inner\">\n\t\t\t\t<div class=\"elementor-element elementor-element-46b89b7 elementor-widget elementor-widget-heading\" data-id=\"46b89b7\" data-element_type=\"widget\" data-e-type=\"widget\" data-widget_type=\"heading.default\">\n\t\t\t\t\t<h2 class=\"elementor-heading-title elementor-size-default\">C\u00f3mo utilizamos en Fisioterapia en Ibiza la fisioterapia neurol\u00f3gica<\/h2>\t\t\t\t<\/div>\n\t\t\t\t<div class=\"elementor-element elementor-element-0d597b1 elementor-widget elementor-widget-text-editor\" data-id=\"0d597b1\" data-element_type=\"widget\" data-e-type=\"widget\" data-widget_type=\"text-editor.default\">\n\t\t\t\t\t\t\t\t\t<p>Un tratamiento tan delicado como la rehabilitaci\u00f3n neurol\u00f3gica la debe realizar un fisioterapeuta neurol\u00f3gico especializado y con experiencia en el tratamiento de pacientes con estas enfermedades. Cada tratamiento variar\u00e1 en funci\u00f3n de las necesidades de cada paciente y puede incluir\u00a0<a href=\"https:\/\/fisioterapiaenibiza.com\/especialidades-y-tratamientos\/terapia-manual\/\">terapia manual<\/a>. Conforme se vayan produciendo avances, aumentar\u00e1n las facilidades de realizar sus tareas cotidianas como caminar, subir escaleras o simplemente darse la vuelta en la cama.<\/p><p>El tratamiento en Fisioterapia en Ibiza puede incluir estiramientos, ejercicios de equilibrio y fortalecimiento. Nuestros\u00a0<a href=\"https:\/\/fisioterapiaenibiza.com\/especialidades-y-tratamientos\/osteopatia\/\">oste\u00f3patas<\/a>\u00a0neurol\u00f3gicos ayudar\u00e1n al paciente a alcanzar su m\u00e1ximo potencial y a mejorar su calidad de vida. Se har\u00e1 una primera consulta para una evaluaci\u00f3n inicial y se dise\u00f1ar\u00e1 un plan de tratamiento adecuado a sus necesidades.<\/p><p>El programa de tratamiento se estructura de forma que incluya objetivos tanto a medio como a corto plazo. Incluir\u00e1 tambi\u00e9n a la familia de forma que el tratamiento de fisioterapia neurol\u00f3gica pueda darse tanto en la cl\u00ednica como en casa, dependiendo de las necesidades de cada paciente.<\/p><p>En el caso de que se necesiten otro tipo de especialistas como\u00a0<a href=\"https:\/\/fisioterapiaenibiza.com\/especialidades-y-tratamientos\/fisioterapia-pediatrica\/\">fisioterapeutas infantiles<\/a>, pedagogos o psic\u00f3logos desde Fisioterapia en Ibiza tambi\u00e9n trabajamos conjuntamente con otros profesionales. Para obtener m\u00e1s informaci\u00f3n puede utilizar nuestro\u00a0<a href=\"https:\/\/fisioterapiaenibiza.com\/contacto\/\">formulario de contacto<\/a>\u00a0o\u00a0<a href=\"tel:+34 971 347 838\">llamarnos por tel\u00e9fono<\/a>\u00a0hoy mismo.<\/p>\t\t\t\t\t\t\t\t<\/div>\n\t\t\t\t<div class=\"elementor-element elementor-element-cbdb6fb elementor-widget elementor-widget-heading\" data-id=\"cbdb6fb\" data-element_type=\"widget\" data-e-type=\"widget\" data-widget_type=\"heading.default\">\n\t\t\t\t\t<h2 class=\"elementor-heading-title elementor-size-default\">Otros tratamientos<\/h2>\t\t\t\t<\/div>\n\t\t\t\t\t<\/div>\n\t\t\t\t<\/div>\n\t\t<div class=\"elementor-element elementor-element-a1e86fa e-flex e-con-boxed e-con e-parent\" data-id=\"a1e86fa\" data-element_type=\"container\" data-e-type=\"container\">\n\t\t\t\t\t<div class=\"e-con-inner\">\n\t\t<div class=\"elementor-element elementor-element-e1a5695 e-con-full e-flex e-con e-child\" data-id=\"e1a5695\" data-element_type=\"container\" data-e-type=\"container\">\n\t\t\t\t<div class=\"elementor-element elementor-element-16f308a elementor-widget elementor-widget-image\" data-id=\"16f308a\" data-element_type=\"widget\" data-e-type=\"widget\" data-widget_type=\"image.default\">\n\t\t\t\t\t\t\t\t\t\t\t\t\t\t\t\t<a href=\"\/especialidades-y-tratamientos\/fisioterapia-pediatrica\/\">\n\t\t\t\t\t\t\t<img decoding=\"async\" src=\"https:\/\/staging.fisioterapiaenibiza.com\/wp-content\/uploads\/elementor\/thumbs\/fisioterpeuta-pediatrico-p8g6y79iropauz35b38z5vjbahg92odqax9mft1mi4.jpg\" title=\"Boy during kinesio taping therapy\" alt=\"fisioterapeuta pediatrico\" loading=\"lazy\" \/>\t\t\t\t\t\t\t\t<\/a>\n\t\t\t\t\t\t\t\t\t\t\t\t\t\t\t<\/div>\n\t\t\t\t<div class=\"elementor-element elementor-element-208f15a elementor-widget elementor-widget-text-editor\" data-id=\"208f15a\" data-element_type=\"widget\" data-e-type=\"widget\" data-widget_type=\"text-editor.default\">\n\t\t\t\t\t\t\t\t\t<div class=\"title\"><a href=\"\/especialidades-y-tratamientos\/fisioterapia-pediatrica\/\">Fisioterapia Pedi\u00e1trica en Ibiza<\/a><\/div>\t\t\t\t\t\t\t\t<\/div>\n\t\t\t\t<\/div>\n\t\t<div class=\"elementor-element elementor-element-32c5880 e-con-full e-flex e-con e-child\" data-id=\"32c5880\" data-element_type=\"container\" data-e-type=\"container\">\n\t\t\t\t<div class=\"elementor-element elementor-element-d42e078 elementor-widget elementor-widget-image\" data-id=\"d42e078\" data-element_type=\"widget\" data-e-type=\"widget\" data-widget_type=\"image.default\">\n\t\t\t\t\t\t\t\t\t\t\t\t\t\t\t\t<a href=\"\/especialidades-y-tratamientos\/fisioterapia-respiratoria\/\">\n\t\t\t\t\t\t\t<img decoding=\"async\" src=\"https:\/\/staging.fisioterapiaenibiza.com\/wp-content\/uploads\/elementor\/thumbs\/fisioterapia-respiratoria-300x180-1-qyq8c49onq6zerzeql1xjnyfkz4rkh6dh4h9sri4a4.webp\" title=\"fisioterapia-respiratoria-300&#215;180\" alt=\"fisioterapia respiratoria\" loading=\"lazy\" \/>\t\t\t\t\t\t\t\t<\/a>\n\t\t\t\t\t\t\t\t\t\t\t\t\t\t\t<\/div>\n\t\t\t\t<div class=\"elementor-element elementor-element-ca4cd05 elementor-widget elementor-widget-text-editor\" data-id=\"ca4cd05\" data-element_type=\"widget\" data-e-type=\"widget\" data-widget_type=\"text-editor.default\">\n\t\t\t\t\t\t\t\t\t<div class=\"title\"><a href=\"\/especialidades-y-tratamientos\/fisioterapia-respiratoria\/\">Fisioterapia Respiratoria<\/a><\/div>\t\t\t\t\t\t\t\t<\/div>\n\t\t\t\t<\/div>\n\t\t<div class=\"elementor-element elementor-element-703748d e-con-full e-flex e-con e-child\" data-id=\"703748d\" data-element_type=\"container\" data-e-type=\"container\">\n\t\t\t\t<div class=\"elementor-element elementor-element-ad397a4 elementor-widget elementor-widget-image\" data-id=\"ad397a4\" data-element_type=\"widget\" data-e-type=\"widget\" data-widget_type=\"image.default\">\n\t\t\t\t\t\t\t\t\t\t\t\t\t\t\t\t<a href=\"\/especialidades-y-tratamientos\/osteopatia\/\">\n\t\t\t\t\t\t\t<img decoding=\"async\" src=\"https:\/\/staging.fisioterapiaenibiza.com\/wp-content\/uploads\/elementor\/thumbs\/osteopatia-249x300-1-qyq79qixl9nhbzqguzscqcmuckb79esy75hic0eucs.webp\" title=\"osteopatia-249&#215;300\" alt=\"osteopat\u00eda\" loading=\"lazy\" \/>\t\t\t\t\t\t\t\t<\/a>\n\t\t\t\t\t\t\t\t\t\t\t\t\t\t\t<\/div>\n\t\t\t\t<div class=\"elementor-element elementor-element-bd8fe50 elementor-widget elementor-widget-text-editor\" data-id=\"bd8fe50\" data-element_type=\"widget\" data-e-type=\"widget\" data-widget_type=\"text-editor.default\">\n\t\t\t\t\t\t\t\t\t<div class=\"title\"><a href=\"\/especialidades-y-tratamientos\/osteopatia\/\">Osteopat\u00eda en Ibiza<\/a><\/div>\t\t\t\t\t\t\t\t<\/div>\n\t\t\t\t<\/div>\n\t\t\t\t\t<\/div>\n\t\t\t\t<\/div>\n\t\t\t\t<\/div>\n\t\t","protected":false},"excerpt":{"rendered":"<p>[vc_row bottom=&#8221;20px&#8221;][vc_column width=&#8221;2\/3&#8243;][vc_column_text css_animation=&#8221;fadeIn&#8221;]Neurological physical therapy is a type of rehabilitation for people with neurological conditions in the brain, spinal cord or peripheral nerves causing difficulties in their physical functions such as mobility, muscle strength, range of motion and balance. The purpose of neurological physiotherapy is to increase the quality of life of those affected. [&hellip;]<\/p>\n","protected":false},"author":2,"featured_media":1988,"parent":525,"menu_order":0,"comment_status":"closed","ping_status":"closed","template":"","meta":{"footnotes":""},"class_list":["post-1540","page","type-page","status-publish","has-post-thumbnail","hentry"],"_links":{"self":[{"href":"https:\/\/staging.fisioterapiaenibiza.com\/en\/wp-json\/wp\/v2\/pages\/1540","targetHints":{"allow":["GET"]}}],"collection":[{"href":"https:\/\/staging.fisioterapiaenibiza.com\/en\/wp-json\/wp\/v2\/pages"}],"about":[{"href":"https:\/\/staging.fisioterapiaenibiza.com\/en\/wp-json\/wp\/v2\/types\/page"}],"author":[{"embeddable":true,"href":"https:\/\/staging.fisioterapiaenibiza.com\/en\/wp-json\/wp\/v2\/users\/2"}],"replies":[{"embeddable":true,"href":"https:\/\/staging.fisioterapiaenibiza.com\/en\/wp-json\/wp\/v2\/comments?post=1540"}],"version-history":[{"count":1,"href":"https:\/\/staging.fisioterapiaenibiza.com\/en\/wp-json\/wp\/v2\/pages\/1540\/revisions"}],"predecessor-version":[{"id":2639,"href":"https:\/\/staging.fisioterapiaenibiza.com\/en\/wp-json\/wp\/v2\/pages\/1540\/revisions\/2639"}],"up":[{"embeddable":true,"href":"https:\/\/staging.fisioterapiaenibiza.com\/en\/wp-json\/wp\/v2\/pages\/525"}],"wp:featuredmedia":[{"embeddable":true,"href":"https:\/\/staging.fisioterapiaenibiza.com\/en\/wp-json\/wp\/v2\/media\/1988"}],"wp:attachment":[{"href":"https:\/\/staging.fisioterapiaenibiza.com\/en\/wp-json\/wp\/v2\/media?parent=1540"}],"curies":[{"name":"wp","href":"https:\/\/api.w.org\/{rel}","templated":true}]}}