{"id":1544,"date":"2024-08-11T05:15:15","date_gmt":"2024-08-11T03:15:15","guid":{"rendered":"https:\/\/fisioterapiaenibiza.com\/specialties-and-treatments\/fisioterapia-respiratoria\/"},"modified":"2026-02-09T07:34:20","modified_gmt":"2026-02-09T06:34:20","slug":"respiratory-physiotherapy","status":"publish","type":"page","link":"https:\/\/staging.fisioterapiaenibiza.com\/en\/specialties-and-treatments\/respiratory-physiotherapy\/","title":{"rendered":"Respiratory physiotherapy"},"content":{"rendered":"\t\t<div data-elementor-type=\"wp-page\" data-elementor-id=\"1544\" class=\"elementor elementor-1544 elementor-649\" data-elementor-post-type=\"page\">\n\t\t\t\t<div class=\"elementor-element elementor-element-bedeebc e-flex e-con-boxed e-con e-parent\" data-id=\"bedeebc\" data-element_type=\"container\" data-e-type=\"container\" data-settings=\"{&quot;background_background&quot;:&quot;classic&quot;}\">\n\t\t\t\t\t<div class=\"e-con-inner\">\n\t\t\t\t<div class=\"elementor-element elementor-element-78a83f4 elementor-widget elementor-widget-heading\" data-id=\"78a83f4\" data-element_type=\"widget\" data-e-type=\"widget\" data-widget_type=\"heading.default\">\n\t\t\t\t\t<h1 class=\"elementor-heading-title elementor-size-default\">Fisioterapia Respiratoria<\/h1>\t\t\t\t<\/div>\n\t\t\t\t<div class=\"elementor-element elementor-element-efbba65 elementor-widget elementor-widget-breadcrumbs\" data-id=\"efbba65\" data-element_type=\"widget\" data-e-type=\"widget\" data-widget_type=\"breadcrumbs.default\">\n\t\t\t\t<div class=\"elementor-widget-container\">\n\t\t\t\t\t<nav aria-label=\"breadcrumbs\" class=\"rank-math-breadcrumb\"><p><span class=\"last\">Fisioterapia Ibiza<\/span><\/p><\/nav>\t\t\t\t<\/div>\n\t\t\t\t<\/div>\n\t\t\t\t\t<\/div>\n\t\t\t\t<\/div>\n\t\t<div class=\"elementor-element elementor-element-1a09315 e-flex e-con-boxed e-con e-parent\" data-id=\"1a09315\" data-element_type=\"container\" data-e-type=\"container\">\n\t\t\t\t\t<div class=\"e-con-inner\">\n\t\t<div class=\"elementor-element elementor-element-450b700 e-con-full e-flex e-con e-child\" data-id=\"450b700\" data-element_type=\"container\" data-e-type=\"container\">\n\t\t\t\t<div class=\"elementor-element elementor-element-d3031d1 elementor-widget elementor-widget-text-editor\" data-id=\"d3031d1\" data-element_type=\"widget\" data-e-type=\"widget\" data-widget_type=\"text-editor.default\">\n\t\t\t\t\t\t\t\t\t<p>La fisioterapia respiratoria aborda t\u00e9cnicas de tratamiento fisioterap\u00e9utico que ayuda en la eliminaci\u00f3n de secreciones y en el despeje de las v\u00edas respiratorias, ayudando a disminuir el trabajo respiratorio y en el peor de los casos el colapso pulmonar, mediante una serie de ejercicios, educaci\u00f3n y actividad controlada.<\/p>\n<p>\u00a0<\/p>\n<p>Son muchos los factores que pueden provocar un deterioro de la funci\u00f3n respiratoria y detectarlos de forma temprana ofrece una buena oportunidad para tratarlos de manera correcta. La evaluaci\u00f3n exhaustiva del paciente es una de las funciones de nuestros fisioterapeutas y\u00a0<a href=\"https:\/\/fisioterapiaenibiza.com\/especialidades-y-tratamientos\/osteopatia\/\">oste\u00f3patas<\/a>\u00a0de\u00a0<a href=\"https:\/\/fisioterapiaenibiza.com\/\">Fisioterapia en Ibiza<\/a>\u00a0para identificar el tratamiento adecuado.<\/p>\t\t\t\t\t\t\t\t<\/div>\n\t\t\t\t<\/div>\n\t\t\t\t<div class=\"elementor-element elementor-element-c93cc5b elementor-widget__width-initial elementor-widget-mobile__width-inherit elementor-widget elementor-widget-image\" data-id=\"c93cc5b\" data-element_type=\"widget\" data-e-type=\"widget\" data-widget_type=\"image.default\">\n\t\t\t\t\t\t\t\t\t\t\t\t\t\t\t<img fetchpriority=\"high\" decoding=\"async\" width=\"300\" height=\"180\" src=\"https:\/\/staging.fisioterapiaenibiza.com\/wp-content\/uploads\/fisioterapia-respiratoria-300x180-1.webp\" class=\"attachment-large size-large wp-image-1969\" alt=\"fisioterapia respiratoria\" title=\"\">\t\t\t\t\t\t\t\t\t\t\t\t\t\t\t<\/div>\n\t\t\t\t\t<\/div>\n\t\t\t\t<\/div>\n\t\t<div class=\"elementor-element elementor-element-0fffb40 e-flex e-con-boxed e-con e-parent\" data-id=\"0fffb40\" data-element_type=\"container\" data-e-type=\"container\">\n\t\t\t\t\t<div class=\"e-con-inner\">\n\t\t\t\t<div class=\"elementor-element elementor-element-ed89fbe elementor-widget elementor-widget-heading\" data-id=\"ed89fbe\" data-element_type=\"widget\" data-e-type=\"widget\" data-widget_type=\"heading.default\">\n\t\t\t\t\t<h2 class=\"elementor-heading-title elementor-size-default\">Beneficios de la fisioterapia respiratoria<\/h2>\t\t\t\t<\/div>\n\t\t\t\t<div class=\"elementor-element elementor-element-438288d elementor-widget elementor-widget-text-editor\" data-id=\"438288d\" data-element_type=\"widget\" data-e-type=\"widget\" data-widget_type=\"text-editor.default\">\n\t\t\t\t\t\t\t\t\t<ul>\n<li>Facilitar la eliminaci\u00f3n de las secreciones retenidas en las v\u00edas respiratorias<\/li>\n<li class=\"cqlist-item\">Evitar el colapso pulmonar<\/li>\n<li class=\"cqlist-item\">Disminuir el trabajo respiratorio<\/li>\n<li class=\"cqlist-item\">Optimizar la ventilaci\u00f3n y mejorar el intercambio de gases<\/li>\n<li class=\"cqlist-item\">Aclaramiento de las v\u00edas respiratorias<\/li>\n<li class=\"cqlist-item\">Despeje normal con una v\u00eda a\u00e9rea abierta, una escalera mucociliar funcional y una tos eficaz<\/li>\n<\/ul>\t\t\t\t\t\t\t\t<\/div>\n\t\t\t\t<div class=\"elementor-element elementor-element-e6d157d elementor-widget elementor-widget-heading\" data-id=\"e6d157d\" data-element_type=\"widget\" data-e-type=\"widget\" data-widget_type=\"heading.default\">\n\t\t\t\t\t<h2 class=\"elementor-heading-title elementor-size-default\">Cu\u00e1ndo debes acudir a un fisioterapeuta respiratorio <\/h2>\t\t\t\t<\/div>\n\t\t\t\t<div class=\"elementor-element elementor-element-65f99f4 elementor-widget elementor-widget-text-editor\" data-id=\"65f99f4\" data-element_type=\"widget\" data-e-type=\"widget\" data-widget_type=\"text-editor.default\">\n\t\t\t\t\t\t\t\t\t<p>Hay varias razones por las que es aconsejable acudir a un fisioterapeuta respiratorio cuando te reconozcas algunos de estos s\u00edntomas:<\/p>\n<ul>\n<li class=\"cqlist-item\">Posibles problemas de larga duraci\u00f3n con tu respiraci\u00f3n, por ejemplo, EPOC, enfisema, bronquiectasia, asma, bronquitis cr\u00f3nica o fibrosis pulmonar.<\/li>\n<li class=\"cqlist-item\">Sufres infecciones tor\u00e1cicas recurrentes o neumon\u00eda.<\/li>\n<li class=\"cqlist-item\">Tenes problemas de hiperventilaci\u00f3n (respiraci\u00f3n r\u00e1pida).<\/li>\n<li class=\"cqlist-item\">Has tenido un ingreso reciente en el hospital por problemas de respiraci\u00f3n.<\/li>\n<li class=\"cqlist-item\">Te han dicho que tienes un patr\u00f3n respiratorio anormal.<\/li>\n<li class=\"cqlist-item\">Te falta el aire al caminar o al hacer un esfuerzo.<\/li>\n<li class=\"cqlist-item\">A cusa de una <a href=\"https:\/\/fisioterapiaenibiza.com\/especialidades-y-tratamientos\/fisioterapia-en-lesiones-deportivas\/\">lesi\u00f3n deportiva<\/a> tienes dificultades para respirar con normalidad<\/li>\n<li class=\"cqlist-item\">Has sufrido un <a href=\"https:\/\/fisioterapiaenibiza.com\/especialidades-y-tratamientos\/rehabilitacion-en-traumatologia-y-ortopedia\/\">traumatismo<\/a> tor\u00e1cico reciente (fractura de costillas, hematomas).<\/li>\n<li class=\"cqlist-item\">Sufres ansiedad o estr\u00e9s.<\/li>\n<li class=\"cqlist-item\">Tienes dificultades para eliminar las flemas del pecho.<\/li>\n<li class=\"cqlist-item\">Necesitas asesoramiento sobre c\u00f3mo utilizar correctamente los inhaladores.<\/li>\n<li class=\"cqlist-item\">Has tenido una operaci\u00f3n respiratoria, abdominal , <a href=\"https:\/\/fisioterapiaenibiza.com\/especialidades-y-tratamientos\/fisioterapia-neurologica\/\">neuronal<\/a> o card\u00edaca reciente.<\/li>\n<\/ul>\t\t\t\t\t\t\t\t<\/div>\n\t\t\t\t<div class=\"elementor-element elementor-element-e9eb524 elementor-widget elementor-widget-heading\" data-id=\"e9eb524\" data-element_type=\"widget\" data-e-type=\"widget\" data-widget_type=\"heading.default\">\n\t\t\t\t\t<h2 class=\"elementor-heading-title elementor-size-default\">Posibles afecciones que requieren de fisioterapia respiratoria<\/h2>\t\t\t\t<\/div>\n\t\t\t\t\t<\/div>\n\t\t\t\t<\/div>\n\t\t<div class=\"elementor-element elementor-element-3f395d2 e-flex e-con-boxed e-con e-parent\" data-id=\"3f395d2\" data-element_type=\"container\" data-e-type=\"container\">\n\t\t\t\t\t<div class=\"e-con-inner\">\n\t\t<div class=\"elementor-element elementor-element-9476cfd e-con-full e-flex e-con e-child\" data-id=\"9476cfd\" data-element_type=\"container\" data-e-type=\"container\">\n\t\t\t\t<div class=\"elementor-element elementor-element-b92b9b2 elementor-widget elementor-widget-heading\" data-id=\"b92b9b2\" data-element_type=\"widget\" data-e-type=\"widget\" data-widget_type=\"heading.default\">\n\t\t\t\t\t<h3 class=\"elementor-heading-title elementor-size-default\">EPOC<\/h3>\t\t\t\t<\/div>\n\t\t\t\t<div class=\"elementor-element elementor-element-a651b61 elementor-widget elementor-widget-text-editor\" data-id=\"a651b61\" data-element_type=\"widget\" data-e-type=\"widget\" data-widget_type=\"text-editor.default\">\n\t\t\t\t\t\t\t\t\t<p>La enfermedad pulmonar obstructiva cr\u00f3nica (EPOC) es una afecci\u00f3n respiratoria que causa la obstrucci\u00f3n del flujo de aire en los pulmones. Los s\u00edntomas m\u00e1s comunes incluyen dificultad para respirar, tos, y la producci\u00f3n de mucosidad y esputos. Esta enfermedad es frecuente entre las personas fumadoras debido a la exposici\u00f3n prolongada al humo del tabaco.<\/p>\n<p>Las dos condiciones m\u00e1s comunes asociadas al EPOC son el enfisema y la bronquitis cr\u00f3nica, que suelen presentarse de manera simult\u00e1nea y pueden variar en su gravedad. La bronquitis cr\u00f3nica provoca inflamaci\u00f3n en los bronquios, lo que resulta en tos y producci\u00f3n de mucosidad con esputos. El enfisema, por otro lado, es una afecci\u00f3n en la que los alv\u00e9olos, situados al final de los bronquiolos, se destruyen debido a la exposici\u00f3n prolongada al humo del cigarrillo.<\/p>\n<p>Aunque el EPOC es una enfermedad progresiva que tiende a empeorar con el tiempo, un tratamiento adecuado puede ayudar a controlar los s\u00edntomas y permitir una buena calidad de vida.<\/p>\t\t\t\t\t\t\t\t<\/div>\n\t\t\t\t<\/div>\n\t\t\t\t<div class=\"elementor-element elementor-element-7671ea8 elementor-widget__width-initial elementor-widget-mobile__width-inherit elementor-widget elementor-widget-image\" data-id=\"7671ea8\" data-element_type=\"widget\" data-e-type=\"widget\" data-widget_type=\"image.default\">\n\t\t\t\t\t\t\t\t\t\t\t\t\t\t\t<img decoding=\"async\" width=\"305\" height=\"429\" src=\"https:\/\/staging.fisioterapiaenibiza.com\/wp-content\/uploads\/fisioterapeuta-respiratorio.jpg\" class=\"attachment-large size-large wp-image-820\" alt=\"fisioterapeuta respiratorio\" srcset=\"https:\/\/staging.fisioterapiaenibiza.com\/wp-content\/uploads\/fisioterapeuta-respiratorio.jpg 305w, https:\/\/staging.fisioterapiaenibiza.com\/wp-content\/uploads\/fisioterapeuta-respiratorio-213x300.jpg 213w\" sizes=\"(max-width: 305px) 100vw, 305px\" title=\"\">\t\t\t\t\t\t\t\t\t\t\t\t\t\t\t<\/div>\n\t\t\t\t\t<\/div>\n\t\t\t\t<\/div>\n\t\t<div class=\"elementor-element elementor-element-1e2fc04 e-flex e-con-boxed e-con e-parent\" data-id=\"1e2fc04\" data-element_type=\"container\" data-e-type=\"container\">\n\t\t\t\t\t<div class=\"e-con-inner\">\n\t\t\t\t<div class=\"elementor-element elementor-element-ad5a872 elementor-widget elementor-widget-heading\" data-id=\"ad5a872\" data-element_type=\"widget\" data-e-type=\"widget\" data-widget_type=\"heading.default\">\n\t\t\t\t\t<h3 class=\"elementor-heading-title elementor-size-default\">Lobectom\u00eda<\/h3>\t\t\t\t<\/div>\n\t\t\t\t<div class=\"elementor-element elementor-element-224bb80 elementor-widget elementor-widget-text-editor\" data-id=\"224bb80\" data-element_type=\"widget\" data-e-type=\"widget\" data-widget_type=\"text-editor.default\">\n\t\t\t\t\t\t\t\t\t<p>La lobectom\u00eda es un procedimiento quir\u00fargico que implica la extirpaci\u00f3n de un l\u00f3bulo pulmonar, generalmente realizado para eliminar una parte afectada por c\u00e1ncer y prevenir su propagaci\u00f3n. Una vez retirado el l\u00f3bulo afectado, el tejido pulmonar sano restante puede continuar funcionando con normalidad.<\/p>\n<p>Un tratamiento de fisioterapia pulmonar postoperatoria adecuado es crucial para ayudar a los pacientes a aliviar el dolor, corregir patrones respiratorios ineficaces, mejorar la tos, aumentar el volumen pulmonar y evitar la retenci\u00f3n de secreciones.<\/p>\t\t\t\t\t\t\t\t<\/div>\n\t\t\t\t<div class=\"elementor-element elementor-element-2c33de9 elementor-widget elementor-widget-heading\" data-id=\"2c33de9\" data-element_type=\"widget\" data-e-type=\"widget\" data-widget_type=\"heading.default\">\n\t\t\t\t\t<h2 class=\"elementor-heading-title elementor-size-default\">Qu\u00e9 t\u00e9cnicas se utilizan en la fisioterapia respiratoria<\/h2>\t\t\t\t<\/div>\n\t\t\t\t<div class=\"elementor-element elementor-element-d340abf elementor-widget elementor-widget-text-editor\" data-id=\"d340abf\" data-element_type=\"widget\" data-e-type=\"widget\" data-widget_type=\"text-editor.default\">\n\t\t\t\t\t\t\t\t\t<p>Las t\u00e9cnicas que se utilizan en la fisioterapia respiratoria incluyen un programa de ejercicios para ense\u00f1ar al paciente a mantener una t\u00e9cnica respiratoria adecuada ayudando a la funci\u00f3n pulmonar, tambi\u00e9n se aplica en la\u00a0<a href=\"https:\/\/fisioterapiaenibiza.com\/especialidades-y-tratamientos\/fisioterapia-pediatrica\/\">fisioterapia pedi\u00e1trica<\/a>. Estas t\u00e9cnicas respiratorias son especialmente \u00fatiles para quien tiene dificultades en llenar sus pulmones de aire, con ello mejora el transporte de ox\u00edgeno y elimina la mucosa acumulada en las v\u00edas respiratorias. Los tratamientos m\u00e1s frecuentes son:<\/p>\t\t\t\t\t\t\t\t<\/div>\n\t\t\t\t\t<\/div>\n\t\t\t\t<\/div>\n\t\t<div class=\"elementor-element elementor-element-4a5dc8c e-flex e-con-boxed e-con e-parent\" data-id=\"4a5dc8c\" data-element_type=\"container\" data-e-type=\"container\">\n\t\t\t\t\t<div class=\"e-con-inner\">\n\t\t<div class=\"elementor-element elementor-element-e129253 e-con-full e-flex e-con e-child\" data-id=\"e129253\" data-element_type=\"container\" data-e-type=\"container\">\n\t\t\t\t<div class=\"elementor-element elementor-element-9cb5366 elementor-widget elementor-widget-text-editor\" data-id=\"9cb5366\" data-element_type=\"widget\" data-e-type=\"widget\" data-widget_type=\"text-editor.default\">\n\t\t\t\t\t\t\t\t\t<ul class=\"altodelineali\">\n<li><strong>Limpieza de las v\u00edas respiratorias:\u00a0<\/strong>Cuando el sistema respiratorio no est\u00e1 limpio y libre de infecciones no funciona correctamente provocando una acumulaci\u00f3n de mucosidad dando lugar a infecciones y da\u00f1os en las v\u00edas respiratorias. El tratamiento de desobstrucci\u00f3n mediante\u00a0<a href=\"https:\/\/fisioterapiaenibiza.com\/especialidades-y-tratamientos\/terapia-manual\/\">terapia manual<\/a>\u00a0ayuda a que la mucosidad pueda ser trasladada a las v\u00edas respiratorias m\u00e1s grandes para ser expulsada mediante la tos.<\/li>\n<li><strong>Inflado de los pulmones:\u00a0<\/strong>Mediante esta t\u00e9cnica se ayuda a mejorar el llenado de aire de zonas espec\u00edficas de los pulmones mejorando la distribuci\u00f3n del aire por todo el cuerpo al expandir el tejido pulmonar.<\/li>\n<li><strong>Percusi\u00f3n tor\u00e1cica:\u00a0<\/strong>Esta t\u00e9cnica consiste en dar palmadas r\u00edtmicamente en el pecho, espalda y parte inferior de los brazos para disminuir la mucosidad.<\/li>\n<li><strong>Tos controlada:\u00a0<\/strong>Ayuda a descomponer la mucosidad espesa para despu\u00e9s expulsarla.<\/li>\n<li><strong>Giro:\u00a0<\/strong>Consiste en girar al paciente de un lado a otro utilizando la fuerza de la gravedad para aflojar y remover la mucosidad de los pulmones.<\/li>\n<li><strong>Vibraci\u00f3n:\u00a0<\/strong>Mientras el paciente realiza ejercicios de respiraci\u00f3n profunda, se aplican vibraciones en el t\u00f3rax, o bien de forma manual, o bien mec\u00e1nicamente ayudando a extraer las secreciones pulmonares.<\/li>\n<\/ul>\t\t\t\t\t\t\t\t<\/div>\n\t\t\t\t<\/div>\n\t\t\t\t<div class=\"elementor-element elementor-element-9373dbd elementor-widget__width-initial elementor-widget-mobile__width-inherit elementor-widget elementor-widget-image\" data-id=\"9373dbd\" data-element_type=\"widget\" data-e-type=\"widget\" data-widget_type=\"image.default\">\n\t\t\t\t\t\t\t\t\t\t\t\t\t\t\t<img decoding=\"async\" width=\"303\" height=\"435\" src=\"https:\/\/staging.fisioterapiaenibiza.com\/wp-content\/uploads\/fisioterapeuta-ibiza.jpg\" class=\"attachment-large size-large wp-image-822\" alt=\"fisioterapeuta ibiza\" srcset=\"https:\/\/staging.fisioterapiaenibiza.com\/wp-content\/uploads\/fisioterapeuta-ibiza.jpg 303w, https:\/\/staging.fisioterapiaenibiza.com\/wp-content\/uploads\/fisioterapeuta-ibiza-209x300.jpg 209w\" sizes=\"(max-width: 303px) 100vw, 303px\" title=\"\">\t\t\t\t\t\t\t\t\t\t\t\t\t\t\t<\/div>\n\t\t\t\t\t<\/div>\n\t\t\t\t<\/div>\n\t\t<div class=\"elementor-element elementor-element-49855dc e-flex e-con-boxed e-con e-parent\" data-id=\"49855dc\" data-element_type=\"container\" data-e-type=\"container\">\n\t\t\t\t\t<div class=\"e-con-inner\">\n\t\t\t\t<div class=\"elementor-element elementor-element-15a8384 elementor-widget elementor-widget-heading\" data-id=\"15a8384\" data-element_type=\"widget\" data-e-type=\"widget\" data-widget_type=\"heading.default\">\n\t\t\t\t\t<h2 class=\"elementor-heading-title elementor-size-default\">Otros tratamientos<\/h2>\t\t\t\t<\/div>\n\t\t\t\t\t<\/div>\n\t\t\t\t<\/div>\n\t\t<div class=\"elementor-element elementor-element-098a2c5 e-flex e-con-boxed e-con e-parent\" data-id=\"098a2c5\" data-element_type=\"container\" data-e-type=\"container\">\n\t\t\t\t\t<div class=\"e-con-inner\">\n\t\t<div class=\"elementor-element elementor-element-5b13a8c e-con-full e-flex e-con e-child\" data-id=\"5b13a8c\" data-element_type=\"container\" data-e-type=\"container\">\n\t\t\t\t<div class=\"elementor-element elementor-element-9bc0379 elementor-widget elementor-widget-image\" data-id=\"9bc0379\" data-element_type=\"widget\" data-e-type=\"widget\" data-widget_type=\"image.default\">\n\t\t\t\t\t\t\t\t\t\t\t\t\t\t\t\t<a href=\"\/especialidades-y-tratamientos\/deportiva-lesiones\/\">\n\t\t\t\t\t\t\t<img decoding=\"async\" src=\"https:\/\/staging.fisioterapiaenibiza.com\/wp-content\/uploads\/elementor\/thumbs\/fisioterapia-lesiones-deportivas-1-163x300-1-qyq6e9vetwkypvfpkw6wrsgej9dwm4we7fdf1l28mk.webp\" title=\"fisioterapia-lesiones-deportivas-1-163&#215;300\" alt=\"fisioterapia en lesiones deportivas\" loading=\"lazy\" \/>\t\t\t\t\t\t\t\t<\/a>\n\t\t\t\t\t\t\t\t\t\t\t\t\t\t\t<\/div>\n\t\t\t\t<div class=\"elementor-element elementor-element-78e1777 elementor-widget elementor-widget-text-editor\" data-id=\"78e1777\" data-element_type=\"widget\" data-e-type=\"widget\" data-widget_type=\"text-editor.default\">\n\t\t\t\t\t\t\t\t\t<div class=\"title\"><a href=\"\/especialidades-y-tratamientos\/deportiva-lesiones\/\">Fisioterapia Deportiva para Lesiones<\/a><\/div>\t\t\t\t\t\t\t\t<\/div>\n\t\t\t\t<\/div>\n\t\t<div class=\"elementor-element elementor-element-b7ad96a e-con-full e-flex e-con e-child\" data-id=\"b7ad96a\" data-element_type=\"container\" data-e-type=\"container\">\n\t\t\t\t<div class=\"elementor-element elementor-element-0501cf9 elementor-widget elementor-widget-image\" data-id=\"0501cf9\" data-element_type=\"widget\" data-e-type=\"widget\" data-widget_type=\"image.default\">\n\t\t\t\t\t\t\t\t\t\t\t\t\t\t\t\t<a href=\"\/especialidades-y-tratamientos\/rehabilitacion-en-traumatologia-y-ortopedia\/\">\n\t\t\t\t\t\t\t<img decoding=\"async\" src=\"https:\/\/staging.fisioterapiaenibiza.com\/wp-content\/uploads\/elementor\/thumbs\/rehabilitacion-traumatologia-ortopedia-281x300-1-qyq68g9ehum0stw6kvl3trcm2c31xms92lw50vp164.webp\" title=\"rehabilitacion-traumatologia-ortopedia-281&#215;300\" alt=\"rehabilitacion traumatologia ortopedia\" loading=\"lazy\" \/>\t\t\t\t\t\t\t\t<\/a>\n\t\t\t\t\t\t\t\t\t\t\t\t\t\t\t<\/div>\n\t\t\t\t<div class=\"elementor-element elementor-element-27678d2 elementor-widget elementor-widget-text-editor\" data-id=\"27678d2\" data-element_type=\"widget\" data-e-type=\"widget\" data-widget_type=\"text-editor.default\">\n\t\t\t\t\t\t\t\t\t<div class=\"title\"><a href=\"\/especialidades-y-tratamientos\/rehabilitacion-en-traumatologia-y-ortopedia\/\">Rehabilitaci\u00f3n en Traumatolog\u00eda y Ortopedia<\/a><\/div>\t\t\t\t\t\t\t\t<\/div>\n\t\t\t\t<\/div>\n\t\t<div class=\"elementor-element elementor-element-ce19c7d e-con-full e-flex e-con e-child\" data-id=\"ce19c7d\" data-element_type=\"container\" data-e-type=\"container\">\n\t\t\t\t<div class=\"elementor-element elementor-element-db0dc06 elementor-widget elementor-widget-image\" data-id=\"db0dc06\" data-element_type=\"widget\" data-e-type=\"widget\" data-widget_type=\"image.default\">\n\t\t\t\t\t\t\t\t\t\t\t\t\t\t\t\t<a href=\"\/especialidades-y-tratamientos\/terapia-manual\/\">\n\t\t\t\t\t\t\t<img decoding=\"async\" src=\"https:\/\/staging.fisioterapiaenibiza.com\/wp-content\/uploads\/elementor\/thumbs\/fisioterapia-manual-ibiza-p8g9wisbt28w34ngh1pt71oa7hevq6gq95qsmjeip8.jpg\" title=\"Classical body massage at physiotherapist office\" alt=\"fisioterapia manual ibiza\" loading=\"lazy\" \/>\t\t\t\t\t\t\t\t<\/a>\n\t\t\t\t\t\t\t\t\t\t\t\t\t\t\t<\/div>\n\t\t\t\t<div class=\"elementor-element elementor-element-ab9a5f7 elementor-widget elementor-widget-text-editor\" data-id=\"ab9a5f7\" data-element_type=\"widget\" data-e-type=\"widget\" data-widget_type=\"text-editor.default\">\n\t\t\t\t\t\t\t\t\t<div class=\"title\"><a href=\"\/especialidades-y-tratamientos\/terapia-manual\/\">Terapia Manual<\/a><\/div>\t\t\t\t\t\t\t\t<\/div>\n\t\t\t\t<\/div>\n\t\t\t\t\t<\/div>\n\t\t\t\t<\/div>\n\t\t\t\t<\/div>\n\t\t","protected":false},"excerpt":{"rendered":"<p>The techniques used in respiratory physiotherapy include a program of exercises to teach the patient to maintain a proper breathing technique to help lung function, also applied in pediatric physiotherapy. These respiratory techniques are especially useful for those who have difficulty filling their lungs with air, thereby improving oxygen transport and removing accumulated mucus in [&hellip;]<\/p>\n","protected":false},"author":2,"featured_media":1983,"parent":525,"menu_order":0,"comment_status":"closed","ping_status":"closed","template":"","meta":{"footnotes":""},"class_list":["post-1544","page","type-page","status-publish","has-post-thumbnail","hentry"],"_links":{"self":[{"href":"https:\/\/staging.fisioterapiaenibiza.com\/en\/wp-json\/wp\/v2\/pages\/1544","targetHints":{"allow":["GET"]}}],"collection":[{"href":"https:\/\/staging.fisioterapiaenibiza.com\/en\/wp-json\/wp\/v2\/pages"}],"about":[{"href":"https:\/\/staging.fisioterapiaenibiza.com\/en\/wp-json\/wp\/v2\/types\/page"}],"author":[{"embeddable":true,"href":"https:\/\/staging.fisioterapiaenibiza.com\/en\/wp-json\/wp\/v2\/users\/2"}],"replies":[{"embeddable":true,"href":"https:\/\/staging.fisioterapiaenibiza.com\/en\/wp-json\/wp\/v2\/comments?post=1544"}],"version-history":[{"count":1,"href":"https:\/\/staging.fisioterapiaenibiza.com\/en\/wp-json\/wp\/v2\/pages\/1544\/revisions"}],"predecessor-version":[{"id":2642,"href":"https:\/\/staging.fisioterapiaenibiza.com\/en\/wp-json\/wp\/v2\/pages\/1544\/revisions\/2642"}],"up":[{"embeddable":true,"href":"https:\/\/staging.fisioterapiaenibiza.com\/en\/wp-json\/wp\/v2\/pages\/525"}],"wp:featuredmedia":[{"embeddable":true,"href":"https:\/\/staging.fisioterapiaenibiza.com\/en\/wp-json\/wp\/v2\/media\/1983"}],"wp:attachment":[{"href":"https:\/\/staging.fisioterapiaenibiza.com\/en\/wp-json\/wp\/v2\/media?parent=1544"}],"curies":[{"name":"wp","href":"https:\/\/api.w.org\/{rel}","templated":true}]}}