{"id":1546,"date":"2021-10-03T06:17:48","date_gmt":"2021-10-03T06:17:48","guid":{"rendered":"https:\/\/fisioterapiaenibiza.com\/specialties-and-treatments\/osteopatia\/"},"modified":"2026-02-05T08:05:34","modified_gmt":"2026-02-05T07:05:34","slug":"osteopathy","status":"publish","type":"page","link":"https:\/\/staging.fisioterapiaenibiza.com\/en\/specialties-and-treatments\/osteopathy\/","title":{"rendered":"Osteopathy in Ibiza"},"content":{"rendered":"\t\t<div data-elementor-type=\"wp-page\" data-elementor-id=\"1546\" class=\"elementor elementor-1546 elementor-659\" data-elementor-post-type=\"page\">\n\t\t\t\t<div class=\"elementor-element elementor-element-d8f0732 e-flex e-con-boxed e-con e-parent\" data-id=\"d8f0732\" data-element_type=\"container\" data-e-type=\"container\" data-settings=\"{&quot;background_background&quot;:&quot;classic&quot;}\">\n\t\t\t\t\t<div class=\"e-con-inner\">\n\t\t\t\t<div class=\"elementor-element elementor-element-351127e elementor-widget elementor-widget-heading\" data-id=\"351127e\" data-element_type=\"widget\" data-e-type=\"widget\" data-widget_type=\"heading.default\">\n\t\t\t\t\t<h1 class=\"elementor-heading-title elementor-size-default\">Osteopat\u00eda en Ibiza<\/h1>\t\t\t\t<\/div>\n\t\t\t\t<div class=\"elementor-element elementor-element-2ad68f8 elementor-widget elementor-widget-breadcrumbs\" data-id=\"2ad68f8\" data-element_type=\"widget\" data-e-type=\"widget\" data-widget_type=\"breadcrumbs.default\">\n\t\t\t\t<div class=\"elementor-widget-container\">\n\t\t\t\t\t<nav aria-label=\"breadcrumbs\" class=\"rank-math-breadcrumb\"><p><span class=\"last\">Fisioterapia Ibiza<\/span><\/p><\/nav>\t\t\t\t<\/div>\n\t\t\t\t<\/div>\n\t\t\t\t\t<\/div>\n\t\t\t\t<\/div>\n\t\t<div class=\"elementor-element elementor-element-319f5f2 e-flex e-con-boxed e-con e-parent\" data-id=\"319f5f2\" data-element_type=\"container\" data-e-type=\"container\">\n\t\t\t\t\t<div class=\"e-con-inner\">\n\t\t<div class=\"elementor-element elementor-element-0644f37 e-con-full e-flex e-con e-child\" data-id=\"0644f37\" data-element_type=\"container\" data-e-type=\"container\">\n\t\t\t\t<div class=\"elementor-element elementor-element-cf4bb5f elementor-widget elementor-widget-text-editor\" data-id=\"cf4bb5f\" data-element_type=\"widget\" data-e-type=\"widget\" data-widget_type=\"text-editor.default\">\n\t\t\t\t\t\t\t\t\t<p>Nuestros centros de fisioterapia y\u00a0<strong>osteopat\u00eda en Ibiza<\/strong>\u00a0cuentan con profesionales altamente cualificados, respaldados por la calidad y garant\u00eda de Grupo Policl\u00ednica.<\/p>\n<p>La osteopat\u00eda se basa en la\u00a0<a href=\"https:\/\/fisioterapiaenibiza.com\/terapia-manual\/\">terapia manual<\/a>\u00a0como una medicina no invasiva y libre de f\u00e1rmacos, enfocada en mejorar la salud integral del cuerpo, no solo en una zona espec\u00edfica o lesionada, con especial atenci\u00f3n a la estructura musculoesquel\u00e9tica.<\/p>\n<p>El objetivo es que el oste\u00f3pata, a trav\u00e9s de sus manos, fortalezca tus articulaciones, m\u00fasculos y columna vertebral, mejorando tambi\u00e9n los sistemas nervioso, circulatorio y linf\u00e1tico de tu cuerpo.<\/p>\t\t\t\t\t\t\t\t<\/div>\n\t\t\t\t<div class=\"elementor-element elementor-element-73b58ad elementor-widget elementor-widget-heading\" data-id=\"73b58ad\" data-element_type=\"widget\" data-e-type=\"widget\" data-widget_type=\"heading.default\">\n\t\t\t\t\t<h2 class=\"elementor-heading-title elementor-size-default\">Usos de la osteopat\u00eda<\/h2>\t\t\t\t<\/div>\n\t\t\t\t<div class=\"elementor-element elementor-element-33c4f5c elementor-widget elementor-widget-text-editor\" data-id=\"33c4f5c\" data-element_type=\"widget\" data-e-type=\"widget\" data-widget_type=\"text-editor.default\">\n\t\t\t\t\t\t\t\t\t<p>La osteopat\u00eda puede dar un gran alivio a multitud de problemas, los tratamientos m\u00e1s comunes para lo que se utiliza esta\u00a0<a href=\"https:\/\/fisioterapiaenibiza.com\/\">t\u00e9cnica de fisioterapia<\/a>\u00a0son:<\/p>\t\t\t\t\t\t\t\t<\/div>\n\t\t\t\t<\/div>\n\t\t\t\t<div class=\"elementor-element elementor-element-2974d1c elementor-widget__width-initial elementor-widget-mobile__width-inherit elementor-widget elementor-widget-image\" data-id=\"2974d1c\" data-element_type=\"widget\" data-e-type=\"widget\" data-widget_type=\"image.default\">\n\t\t\t\t\t\t\t\t\t\t\t\t\t\t\t<img fetchpriority=\"high\" decoding=\"async\" width=\"370\" height=\"446\" src=\"https:\/\/staging.fisioterapiaenibiza.com\/wp-content\/uploads\/osteopatia.jpg\" class=\"attachment-large size-large wp-image-796\" alt=\"osteopat\u00eda\" srcset=\"https:\/\/staging.fisioterapiaenibiza.com\/wp-content\/uploads\/osteopatia.jpg 370w, https:\/\/staging.fisioterapiaenibiza.com\/wp-content\/uploads\/osteopatia-249x300.jpg 249w\" sizes=\"(max-width: 370px) 100vw, 370px\" title=\"\">\t\t\t\t\t\t\t\t\t\t\t\t\t\t\t<\/div>\n\t\t\t\t\t<\/div>\n\t\t\t\t<\/div>\n\t\t<div class=\"elementor-element elementor-element-1cf3e61 e-flex e-con-boxed e-con e-parent\" data-id=\"1cf3e61\" data-element_type=\"container\" data-e-type=\"container\">\n\t\t\t\t\t<div class=\"e-con-inner\">\n\t\t\t\t<div class=\"elementor-element elementor-element-3323eb3 elementor-widget elementor-widget-text-editor\" data-id=\"3323eb3\" data-element_type=\"widget\" data-e-type=\"widget\" data-widget_type=\"text-editor.default\">\n\t\t\t\t\t\t\t\t\t<ul>\n<li class=\"cqlist-item\">Artritis<\/li>\n<li class=\"cqlist-item\">Dolor de pies, tobillos, caderas y rodillas<\/li>\n<li class=\"cqlist-item\">Dolor de espalda, dolor de cuello y ci\u00e1tica<\/li>\n<li class=\"cqlist-item\">Dolor de manos, hombros y codos<\/li>\n<li class=\"cqlist-item\">Dolores de cabeza<\/li>\n<li class=\"cqlist-item\">Codo de tenista y golfista<\/li>\n<li class=\"cqlist-item\">Problemas posturales debidos al embarazo, a<a>\u00a0lesiones deportivas<\/a>, a la conducci\u00f3n o al trabajo<\/li>\n<li class=\"cqlist-item\">Problemas digestivos<\/li>\n<li class=\"cqlist-item\"><a href=\"https:\/\/fisioterapiaenibiza.com\/especialidades-y-tratamientos\/fisioterapia-neurologica\/\">Neuralgia<\/a><\/li>\n<\/ul>\n<p>Los m\u00e9dicos oste\u00f3patas tambi\u00e9n pueden ayudarte si tienes problemas con los ciclos del sue\u00f1o o estas realizando\u00a0<a href=\"https:\/\/fisioterapiaenibiza.com\/especialidades-y-tratamientos\/rehabilitacion-en-traumatologia-y-ortopedia\/\">rehabilitaci\u00f3n<\/a>\u00a0y adem\u00e1s, detectar otras posibles afecciones que no son tratables mediante la osteopat\u00eda, para derivar a los pacientes a otros especialistas.<\/p>\t\t\t\t\t\t\t\t<\/div>\n\t\t\t\t<div class=\"elementor-element elementor-element-d56510a elementor-widget elementor-widget-heading\" data-id=\"d56510a\" data-element_type=\"widget\" data-e-type=\"widget\" data-widget_type=\"heading.default\">\n\t\t\t\t\t<h2 class=\"elementor-heading-title elementor-size-default\">En qu\u00e9 consiste el tratamiento de osteopat\u00eda<\/h2>\t\t\t\t<\/div>\n\t\t\t\t<div class=\"elementor-element elementor-element-b3bc6aa elementor-widget elementor-widget-text-editor\" data-id=\"b3bc6aa\" data-element_type=\"widget\" data-e-type=\"widget\" data-widget_type=\"text-editor.default\">\n\t\t\t\t\t\t\t\t\t<p>Un oste\u00f3pata se centra en todo el cuerpo utilizando t\u00e9cnicas manuales que incluyen estiramientos, presiones suaves y resistencias. Las zonas a tratar van desde los m\u00fasculos (incluyendo ligamentos y tendones) hasta la columna vertebral y el\u00a0<a href=\"https:\/\/fisioterapiaenibiza.com\/especialidades-y-tratamientos\/fisioterapia-respiratoria\/\">sistema respiratorio<\/a>\u00a0y nervioso, utilizando una gran variedad de m\u00e9todos entre ellos:<\/p>\n<ul>\n<li class=\"cqlist-item\">Manipulaci\u00f3n de la columna vertebral<\/li>\n<li class=\"cqlist-item\">T\u00e9cnicas de masaje de tejidos blandos<\/li>\n<li class=\"cqlist-item\">Articulaci\u00f3n, movimientos articulares suaves y r\u00edtmicos<\/li>\n<li class=\"cqlist-item\">Estiramiento de m\u00fasculos y c\u00e1psulas articulares<\/li>\n<li class=\"cqlist-item\">T\u00e9cnicas de energ\u00eda muscular, animar a los m\u00fasculos a trabajar contra la resistencia<\/li>\n<li class=\"cqlist-item\">Manipulaci\u00f3n visceral, movimiento suave de las zonas abdominal y p\u00e9lvica<\/li>\n<\/ul>\n<p>Al tratarse de una t\u00e9cnica manual suave, la osteopat\u00eda puede ser utilizada tanto en adultos como\u00a0<a href=\"https:\/\/fisioterapiaenibiza.com\/fisioterapia-pediatrica\/\">ni\u00f1os<\/a>\u00a0o personas mayores. Incluso para personas que tienen problemas m\u00e9dicos severos.<\/p>\t\t\t\t\t\t\t\t<\/div>\n\t\t\t\t<div class=\"elementor-element elementor-element-74bd1fb elementor-align-center elementor-widget elementor-widget-button\" data-id=\"74bd1fb\" data-element_type=\"widget\" data-e-type=\"widget\" data-widget_type=\"button.default\">\n\t\t\t\t\t\t\t\t\t\t<a class=\"elementor-button elementor-button-link elementor-size-sm\" href=\"\/contacto\/\">\n\t\t\t\t\t\t<span class=\"elementor-button-content-wrapper\">\n\t\t\t\t\t\t\t\t\t<span class=\"elementor-button-text\">CONCERTAR UNA CITA<\/span>\n\t\t\t\t\t<\/span>\n\t\t\t\t\t<\/a>\n\t\t\t\t\t\t\t\t<\/div>\n\t\t\t\t<div class=\"elementor-element elementor-element-be26f95 elementor-widget elementor-widget-heading\" data-id=\"be26f95\" data-element_type=\"widget\" data-e-type=\"widget\" data-widget_type=\"heading.default\">\n\t\t\t\t\t<h2 class=\"elementor-heading-title elementor-size-default\">Otros tratamientos<\/h2>\t\t\t\t<\/div>\n\t\t\t\t\t<\/div>\n\t\t\t\t<\/div>\n\t\t<div class=\"elementor-element elementor-element-3fa3476 e-flex e-con-boxed e-con e-parent\" data-id=\"3fa3476\" data-element_type=\"container\" data-e-type=\"container\">\n\t\t\t\t\t<div class=\"e-con-inner\">\n\t\t<div class=\"elementor-element elementor-element-83e6631 e-con-full e-flex e-con e-child\" data-id=\"83e6631\" data-element_type=\"container\" data-e-type=\"container\">\n\t\t\t\t<div class=\"elementor-element elementor-element-ca93b2e elementor-widget elementor-widget-image\" data-id=\"ca93b2e\" data-element_type=\"widget\" data-e-type=\"widget\" data-widget_type=\"image.default\">\n\t\t\t\t\t\t\t\t\t\t\t\t\t\t\t\t<a href=\"\/especialidades-y-tratamientos\/fisioterapia-pediatrica\/\">\n\t\t\t\t\t\t\t<img decoding=\"async\" src=\"https:\/\/staging.fisioterapiaenibiza.com\/wp-content\/uploads\/elementor\/thumbs\/fisioterpeuta-pediatrico-p8g6y79iropauz35b38z5vjbahg92odqax9mft1mi4.jpg\" title=\"Boy during kinesio taping therapy\" alt=\"fisioterapeuta pediatrico\" loading=\"lazy\" \/>\t\t\t\t\t\t\t\t<\/a>\n\t\t\t\t\t\t\t\t\t\t\t\t\t\t\t<\/div>\n\t\t\t\t<div class=\"elementor-element elementor-element-04a2f89 elementor-widget elementor-widget-text-editor\" data-id=\"04a2f89\" data-element_type=\"widget\" data-e-type=\"widget\" data-widget_type=\"text-editor.default\">\n\t\t\t\t\t\t\t\t\t<div class=\"title\"><a href=\"\/especialidades-y-tratamientos\/fisioterapia-pediatrica\/\">Fisioterapia Pedi\u00e1trica en Ibiza<\/a><\/div>\t\t\t\t\t\t\t\t<\/div>\n\t\t\t\t<\/div>\n\t\t<div class=\"elementor-element elementor-element-bf86ece e-con-full e-flex e-con e-child\" data-id=\"bf86ece\" data-element_type=\"container\" data-e-type=\"container\">\n\t\t\t\t<div class=\"elementor-element elementor-element-0336297 elementor-widget elementor-widget-image\" data-id=\"0336297\" data-element_type=\"widget\" data-e-type=\"widget\" data-widget_type=\"image.default\">\n\t\t\t\t\t\t\t\t\t\t\t\t\t\t\t\t<a href=\"\/especialidades-y-tratamientos\/osteopatia\/\">\n\t\t\t\t\t\t\t<img decoding=\"async\" src=\"https:\/\/staging.fisioterapiaenibiza.com\/wp-content\/uploads\/elementor\/thumbs\/osteopatia-249x300-1-qyq79qixl9nhbzqguzscqcmuckb79esy75hic0eucs.webp\" title=\"osteopatia-249&#215;300\" alt=\"osteopat\u00eda\" loading=\"lazy\" \/>\t\t\t\t\t\t\t\t<\/a>\n\t\t\t\t\t\t\t\t\t\t\t\t\t\t\t<\/div>\n\t\t\t\t<div class=\"elementor-element elementor-element-2bcbcd2 elementor-widget elementor-widget-text-editor\" data-id=\"2bcbcd2\" data-element_type=\"widget\" data-e-type=\"widget\" data-widget_type=\"text-editor.default\">\n\t\t\t\t\t\t\t\t\t<div class=\"title\"><a href=\"\/especialidades-y-tratamientos\/osteopatia\/\">Osteopat\u00eda en Ibiza<\/a><\/div>\t\t\t\t\t\t\t\t<\/div>\n\t\t\t\t<\/div>\n\t\t<div class=\"elementor-element elementor-element-9c61756 e-con-full e-flex e-con e-child\" data-id=\"9c61756\" data-element_type=\"container\" data-e-type=\"container\">\n\t\t\t\t<div class=\"elementor-element elementor-element-d5a3ffd elementor-widget elementor-widget-image\" data-id=\"d5a3ffd\" data-element_type=\"widget\" data-e-type=\"widget\" data-widget_type=\"image.default\">\n\t\t\t\t\t\t\t\t\t\t\t\t\t\t\t\t<a href=\"\/especialidades-y-tratamientos\/terapia-manual\/\">\n\t\t\t\t\t\t\t<img decoding=\"async\" src=\"https:\/\/staging.fisioterapiaenibiza.com\/wp-content\/uploads\/elementor\/thumbs\/fisioterapia-manual-ibiza-p8g9wisbt28w34ngh1pt71oa7hevq6gq95qsmjeip8.jpg\" title=\"Classical body massage at physiotherapist office\" alt=\"fisioterapia manual ibiza\" loading=\"lazy\" \/>\t\t\t\t\t\t\t\t<\/a>\n\t\t\t\t\t\t\t\t\t\t\t\t\t\t\t<\/div>\n\t\t\t\t<div class=\"elementor-element elementor-element-a93111f elementor-widget elementor-widget-text-editor\" data-id=\"a93111f\" data-element_type=\"widget\" data-e-type=\"widget\" data-widget_type=\"text-editor.default\">\n\t\t\t\t\t\t\t\t\t<div class=\"title\"><a href=\"\/especialidades-y-tratamientos\/terapia-manual\/\">Terapia Manual<\/a><\/div>\t\t\t\t\t\t\t\t<\/div>\n\t\t\t\t<\/div>\n\t\t\t\t\t<\/div>\n\t\t\t\t<\/div>\n\t\t\t\t<\/div>\n\t\t","protected":false},"excerpt":{"rendered":"<p>[vc_row bottom=&#8221;20px&#8221;][vc_column css_animation=&#8221;fadeInUp&#8221; width=&#8221;2\/3&#8243;][vc_column_text]Our physiotherapy and osteopathy centers in Ibiza offer you highly qualified professionals, with the quality and guarantee of Grupo Policl\u00ednica. Osteopathy uses manual therapy as a form of non-invasive medicine without drugs and is responsible for improving the health of the whole body and not just an affected or injured area focusing [&hellip;]<\/p>\n","protected":false},"author":2,"featured_media":1954,"parent":525,"menu_order":0,"comment_status":"closed","ping_status":"closed","template":"","meta":{"footnotes":""},"class_list":["post-1546","page","type-page","status-publish","has-post-thumbnail","hentry"],"_links":{"self":[{"href":"https:\/\/staging.fisioterapiaenibiza.com\/en\/wp-json\/wp\/v2\/pages\/1546","targetHints":{"allow":["GET"]}}],"collection":[{"href":"https:\/\/staging.fisioterapiaenibiza.com\/en\/wp-json\/wp\/v2\/pages"}],"about":[{"href":"https:\/\/staging.fisioterapiaenibiza.com\/en\/wp-json\/wp\/v2\/types\/page"}],"author":[{"embeddable":true,"href":"https:\/\/staging.fisioterapiaenibiza.com\/en\/wp-json\/wp\/v2\/users\/2"}],"replies":[{"embeddable":true,"href":"https:\/\/staging.fisioterapiaenibiza.com\/en\/wp-json\/wp\/v2\/comments?post=1546"}],"version-history":[{"count":1,"href":"https:\/\/staging.fisioterapiaenibiza.com\/en\/wp-json\/wp\/v2\/pages\/1546\/revisions"}],"predecessor-version":[{"id":2638,"href":"https:\/\/staging.fisioterapiaenibiza.com\/en\/wp-json\/wp\/v2\/pages\/1546\/revisions\/2638"}],"up":[{"embeddable":true,"href":"https:\/\/staging.fisioterapiaenibiza.com\/en\/wp-json\/wp\/v2\/pages\/525"}],"wp:featuredmedia":[{"embeddable":true,"href":"https:\/\/staging.fisioterapiaenibiza.com\/en\/wp-json\/wp\/v2\/media\/1954"}],"wp:attachment":[{"href":"https:\/\/staging.fisioterapiaenibiza.com\/en\/wp-json\/wp\/v2\/media?parent=1546"}],"curies":[{"name":"wp","href":"https:\/\/api.w.org\/{rel}","templated":true}]}}