{"id":1548,"date":"2021-10-03T06:20:14","date_gmt":"2021-10-03T06:20:14","guid":{"rendered":"https:\/\/fisioterapiaenibiza.com\/specialties-and-treatments\/rehabilitacion-en-traumatologia-y-ortopedia\/"},"modified":"2026-02-09T07:41:30","modified_gmt":"2026-02-09T06:41:30","slug":"rehabilitation-in-traumatology-and-orthopaedics","status":"publish","type":"page","link":"https:\/\/staging.fisioterapiaenibiza.com\/en\/specialties-and-treatments\/rehabilitation-in-traumatology-and-orthopaedics\/","title":{"rendered":"Rehabilitation in Traumatology and Orthopedics"},"content":{"rendered":"\t\t<div data-elementor-type=\"wp-page\" data-elementor-id=\"1548\" class=\"elementor elementor-1548 elementor-655\" data-elementor-post-type=\"page\">\n\t\t\t\t<div class=\"elementor-element elementor-element-bcb1996 e-flex e-con-boxed e-con e-parent\" data-id=\"bcb1996\" data-element_type=\"container\" data-e-type=\"container\" data-settings=\"{&quot;background_background&quot;:&quot;classic&quot;}\">\n\t\t\t\t\t<div class=\"e-con-inner\">\n\t\t\t\t<div class=\"elementor-element elementor-element-ba84e3b elementor-widget elementor-widget-heading\" data-id=\"ba84e3b\" data-element_type=\"widget\" data-e-type=\"widget\" data-widget_type=\"heading.default\">\n\t\t\t\t\t<h1 class=\"elementor-heading-title elementor-size-default\">Rehabilitaci\u00f3n en Traumatolog\u00eda y Ortopedia<\/h1>\t\t\t\t<\/div>\n\t\t\t\t<div class=\"elementor-element elementor-element-4648e08 elementor-widget elementor-widget-breadcrumbs\" data-id=\"4648e08\" data-element_type=\"widget\" data-e-type=\"widget\" data-widget_type=\"breadcrumbs.default\">\n\t\t\t\t<div class=\"elementor-widget-container\">\n\t\t\t\t\t<nav aria-label=\"breadcrumbs\" class=\"rank-math-breadcrumb\"><p><span class=\"last\">Fisioterapia Ibiza<\/span><\/p><\/nav>\t\t\t\t<\/div>\n\t\t\t\t<\/div>\n\t\t\t\t\t<\/div>\n\t\t\t\t<\/div>\n\t\t<div class=\"elementor-element elementor-element-5ba6858 e-flex e-con-boxed e-con e-parent\" data-id=\"5ba6858\" data-element_type=\"container\" data-e-type=\"container\">\n\t\t\t\t\t<div class=\"e-con-inner\">\n\t\t<div class=\"elementor-element elementor-element-1765952 e-con-full e-flex e-con e-child\" data-id=\"1765952\" data-element_type=\"container\" data-e-type=\"container\">\n\t\t\t\t<div class=\"elementor-element elementor-element-05404e9 elementor-widget elementor-widget-text-editor\" data-id=\"05404e9\" data-element_type=\"widget\" data-e-type=\"widget\" data-widget_type=\"text-editor.default\">\n\t\t\t\t\t\t\t\t\t<p>La fisioterapia ortop\u00e9dica se encarga de las lesiones en el sistema esquel\u00e9tico o en los m\u00fasculos, articulaciones o ligamentos. Un\u00a0<a href=\"https:\/\/fisioterapiaenibiza.com\/\">fisioterapeuta cualificado<\/a>\u00a0puede ayudarte a recuperar las actividades de tu d\u00eda a d\u00eda despu\u00e9s de una intervenci\u00f3n quir\u00fargica, rotura, luxaci\u00f3n o rotura muscular entre muchas otras dolencias. Esto es debido a que la fisioterapia orientada a la rehabilitaci\u00f3n en traumatolog\u00eda y ortopedia se ocupa de enfermedades que afectan a cualquier parte del sistema musculoesquel\u00e9tico.<\/p>\n<p>El objetivo del tratamiento fisioterap\u00e9utico en la rehabilitaci\u00f3n en traumatolog\u00eda y ortopedia es aliviar el dolor, mejorar la fuerza y flexibilidad y aumentar la amplitud de las articulaciones. En primer lugar, el fisioterapeuta har\u00e1 un an\u00e1lisis cl\u00ednico al paciente para llegar al origen de su problema y crear un plan de tratamiento y sobretodo educarle sobre c\u00f3mo manejar su lesi\u00f3n para prevenir una lesi\u00f3n mayor.<\/p>\t\t\t\t\t\t\t\t<\/div>\n\t\t\t\t<\/div>\n\t\t\t\t<div class=\"elementor-element elementor-element-2b99748 elementor-widget__width-initial elementor-widget-mobile__width-inherit elementor-widget elementor-widget-image\" data-id=\"2b99748\" data-element_type=\"widget\" data-e-type=\"widget\" data-widget_type=\"image.default\">\n\t\t\t\t\t\t\t\t\t\t\t\t\t\t\t<img fetchpriority=\"high\" decoding=\"async\" width=\"370\" height=\"395\" src=\"https:\/\/staging.fisioterapiaenibiza.com\/wp-content\/uploads\/rehabilitacion-traumatologia-ortopedia.jpg\" class=\"attachment-large size-large wp-image-775\" alt=\"rehabilitacion traumatologia ortopedia\" srcset=\"https:\/\/staging.fisioterapiaenibiza.com\/wp-content\/uploads\/rehabilitacion-traumatologia-ortopedia.jpg 370w, https:\/\/staging.fisioterapiaenibiza.com\/wp-content\/uploads\/rehabilitacion-traumatologia-ortopedia-281x300.jpg 281w\" sizes=\"(max-width: 370px) 100vw, 370px\" title=\"\">\t\t\t\t\t\t\t\t\t\t\t\t\t\t\t<\/div>\n\t\t\t\t\t<\/div>\n\t\t\t\t<\/div>\n\t\t<div class=\"elementor-element elementor-element-bee2c43 e-flex e-con-boxed e-con e-parent\" data-id=\"bee2c43\" data-element_type=\"container\" data-e-type=\"container\">\n\t\t\t\t\t<div class=\"e-con-inner\">\n\t\t\t\t<div class=\"elementor-element elementor-element-9c13e07 elementor-widget elementor-widget-heading\" data-id=\"9c13e07\" data-element_type=\"widget\" data-e-type=\"widget\" data-widget_type=\"heading.default\">\n\t\t\t\t\t<h2 class=\"elementor-heading-title elementor-size-default\">\u00bfQu\u00e9 afecciones se tratan en la rehabilitaci\u00f3n en traumatolog\u00eda y ortopedia?<\/h2>\t\t\t\t<\/div>\n\t\t\t\t<div class=\"elementor-element elementor-element-1d45e46 elementor-widget elementor-widget-text-editor\" data-id=\"1d45e46\" data-element_type=\"widget\" data-e-type=\"widget\" data-widget_type=\"text-editor.default\">\n\t\t\t\t\t\t\t\t\t<p>Algunos de los problemas m\u00e1s comunes con los que se encuentran los fisioterapeutas especializados en rehabilitaci\u00f3n en traumatolog\u00eda y ortopedia son los siguientes:<\/p>\t\t\t\t\t\t\t\t<\/div>\n\t\t\t\t<div class=\"elementor-element elementor-element-0eacdb1 elementor-widget elementor-widget-text-editor\" data-id=\"0eacdb1\" data-element_type=\"widget\" data-e-type=\"widget\" data-widget_type=\"text-editor.default\">\n\t\t\t\t\t\t\t\t\t<p>Un oste\u00f3pata se centra en todo el cuerpo utilizando t\u00e9cnicas manuales que incluyen estiramientos, presiones suaves y resistencias. Las zonas a tratar van desde los m\u00fasculos (incluyendo ligamentos y tendones) hasta la columna vertebral y el\u00a0<a href=\"https:\/\/fisioterapiaenibiza.com\/especialidades-y-tratamientos\/fisioterapia-respiratoria\/\">sistema respiratorio<\/a>\u00a0y nervioso, utilizando una gran variedad de m\u00e9todos entre ellos:<\/p>\n<ul>\n<li class=\"cqlist-item\">Manipulaci\u00f3n de la columna vertebral<\/li>\n<li class=\"cqlist-item\">T\u00e9cnicas de masaje de tejidos blandos<\/li>\n<li class=\"cqlist-item\">Articulaci\u00f3n, movimientos articulares suaves y r\u00edtmicos<\/li>\n<li class=\"cqlist-item\">Estiramiento de m\u00fasculos y c\u00e1psulas articulares<\/li>\n<li class=\"cqlist-item\">T\u00e9cnicas de energ\u00eda muscular, animar a los m\u00fasculos a trabajar contra la resistencia<\/li>\n<li class=\"cqlist-item\">Manipulaci\u00f3n visceral, movimiento suave de las zonas abdominal y p\u00e9lvica<\/li>\n<\/ul>\n<p>Al tratarse de una t\u00e9cnica manual suave, la osteopat\u00eda puede ser utilizada tanto en adultos como\u00a0<a href=\"https:\/\/fisioterapiaenibiza.com\/fisioterapia-pediatrica\/\">ni\u00f1os<\/a>\u00a0o personas mayores. Incluso para personas que tienen problemas m\u00e9dicos severos.<\/p>\t\t\t\t\t\t\t\t<\/div>\n\t\t\t\t<div class=\"elementor-element elementor-element-c229cc5 elementor-widget elementor-widget-heading\" data-id=\"c229cc5\" data-element_type=\"widget\" data-e-type=\"widget\" data-widget_type=\"heading.default\">\n\t\t\t\t\t<h2 class=\"elementor-heading-title elementor-size-default\">Afecciones que afectan al sistema musculoesquel\u00e9tico<\/h2>\t\t\t\t<\/div>\n\t\t\t\t<div class=\"elementor-element elementor-element-d9881d1 elementor-widget elementor-widget-text-editor\" data-id=\"d9881d1\" data-element_type=\"widget\" data-e-type=\"widget\" data-widget_type=\"text-editor.default\">\n\t\t\t\t\t\t\t\t\t<ul><li class=\"cqlist-item\">Artritis<\/li><li class=\"cqlist-item\">Bursitis<\/li><li class=\"cqlist-item\">C\u00e1ncer<\/li><li class=\"cqlist-item\">Hombro congelado<\/li><li>Inestabilidad de la rodilla<\/li><li>Dolor articular<\/li><li>Movimientos limitados<\/li><li>Dolor lumbar<\/li><li class=\"cqlist-item\"><a href=\"https:\/\/fisioterapiaenibiza.com\/especialidades-y-tratamientos\/fisioterapia-respiratoria\/\">Dificultad respiratoria<\/a><\/li><li>Linfedema<\/li><li>Distrofia muscular<\/li><li>Enfermedad de Parkinson<\/li><li class=\"cqlist-item\">Fascitis plantar<\/li><li class=\"cqlist-item\">Escoliosis<\/li><li class=\"cqlist-item\">Estenosis espinal<\/li><li class=\"cqlist-item\"><a href=\"https:\/\/fisioterapiaenibiza.com\/especialidades-y-tratamientos\/fisioterapia-neurologica\/\">Derrame cerebral<\/a><\/li><\/ul>\t\t\t\t\t\t\t\t<\/div>\n\t\t\t\t\t<\/div>\n\t\t\t\t<\/div>\n\t\t<div class=\"elementor-element elementor-element-21c1539 e-flex e-con-boxed e-con e-parent\" data-id=\"21c1539\" data-element_type=\"container\" data-e-type=\"container\">\n\t\t\t\t\t<div class=\"e-con-inner\">\n\t\t<div class=\"elementor-element elementor-element-22c9356 e-con-full e-flex e-con e-child\" data-id=\"22c9356\" data-element_type=\"container\" data-e-type=\"container\">\n\t\t\t\t<div class=\"elementor-element elementor-element-4033088 elementor-widget elementor-widget-text-editor\" data-id=\"4033088\" data-element_type=\"widget\" data-e-type=\"widget\" data-widget_type=\"text-editor.default\">\n\t\t\t\t\t\t\t\t\t<p>Los fisioterapeutas deportivos asisten a los atletas en realizar ejercicios de manera adecuada para prevenir\u00a0<a href=\"https:\/\/fisioterapiaenibiza.com\/especialidades-y-tratamientos\/fisioterapia-en-lesiones-deportivas\/\">lesiones deportivas<\/a>\u00a0y tambi\u00e9n los ayudan en su recuperaci\u00f3n cuando estas ocurren.<\/p>\n<p>En esta especialidad, los fisioterapeutas trabajan tanto con\u00a0<a href=\"https:\/\/fisioterapiaenibiza.com\/especialidades-y-tratamientos\/fisioterapia-pediatrica\/\">ni\u00f1os<\/a>\u00a0como con adultos mayores, ayud\u00e1ndolos a mejorar su equilibrio para prevenir ca\u00eddas. Tambi\u00e9n les brindan apoyo en la recuperaci\u00f3n de cirug\u00edas como el reemplazo de rodilla o cadera, y en mantener su fuerza y movilidad a medida que envejecen.<\/p>\n<p>Adem\u00e1s, personas que han pasado por enfermedades como el c\u00e1ncer o la lumbalgia recurren a este tipo de fisioterapia, al igual que las mujeres que buscan recuperarse de los efectos del embarazo y el parto. Una condici\u00f3n que a menudo no se asocia con la fisioterapia es la disfunci\u00f3n del suelo p\u00e9lvico.<\/p>\n<p>Despu\u00e9s de una operaci\u00f3n, la fisioterapia enfocada en rehabilitaci\u00f3n traumatol\u00f3gica y ortop\u00e9dica puede ser fundamental para reducir el dolor y recuperar la fuerza y la movilidad. Los pacientes recurren a este tipo de fisioterapia tras cirug\u00edas como:<\/p>\t\t\t\t\t\t\t\t<\/div>\n\t\t\t\t<\/div>\n\t\t\t\t<div class=\"elementor-element elementor-element-c08d794 elementor-widget__width-initial elementor-widget-mobile__width-inherit elementor-widget elementor-widget-image\" data-id=\"c08d794\" data-element_type=\"widget\" data-e-type=\"widget\" data-widget_type=\"image.default\">\n\t\t\t\t\t\t\t\t\t\t\t\t\t\t\t<img decoding=\"async\" width=\"370\" height=\"410\" src=\"https:\/\/staging.fisioterapiaenibiza.com\/wp-content\/uploads\/rehabilitacion-traumatologia-ortopedia-2.jpg\" class=\"attachment-large size-large wp-image-783\" alt=\"rehabilitacion traumatologia ortopedia Ibiza\" srcset=\"https:\/\/staging.fisioterapiaenibiza.com\/wp-content\/uploads\/rehabilitacion-traumatologia-ortopedia-2.jpg 370w, https:\/\/staging.fisioterapiaenibiza.com\/wp-content\/uploads\/rehabilitacion-traumatologia-ortopedia-2-271x300.jpg 271w\" sizes=\"(max-width: 370px) 100vw, 370px\" title=\"\">\t\t\t\t\t\t\t\t\t\t\t\t\t\t\t<\/div>\n\t\t\t\t\t<\/div>\n\t\t\t\t<\/div>\n\t\t<div class=\"elementor-element elementor-element-517b8ff e-flex e-con-boxed e-con e-parent\" data-id=\"517b8ff\" data-element_type=\"container\" data-e-type=\"container\">\n\t\t\t\t\t<div class=\"e-con-inner\">\n\t\t\t\t<div class=\"elementor-element elementor-element-6afa5c2 elementor-widget elementor-widget-text-editor\" data-id=\"6afa5c2\" data-element_type=\"widget\" data-e-type=\"widget\" data-widget_type=\"text-editor.default\">\n\t\t\t\t\t\t\t\t\t<ul>\n<li class=\"cqlist-item\">Reemplazo de cadera<\/li>\n<li class=\"cqlist-item\">Pr\u00f3tesis de rodilla<\/li>\n<li class=\"cqlist-item\">Artroscopia de rodilla<\/li>\n<li class=\"cqlist-item\">Reparaci\u00f3n del manguito de los rotadores<\/li>\n<li class=\"cqlist-item\">Cirug\u00eda de coraz\u00f3n<\/li>\n<li class=\"cqlist-item\">Cirug\u00eda del c\u00e1ncer<\/li>\n<\/ul>\t\t\t\t\t\t\t\t<\/div>\n\t\t\t\t<div class=\"elementor-element elementor-element-f8883c0 elementor-widget elementor-widget-heading\" data-id=\"f8883c0\" data-element_type=\"widget\" data-e-type=\"widget\" data-widget_type=\"heading.default\">\n\t\t\t\t\t<h3 class=\"elementor-heading-title elementor-size-default\">Rehabilitaci\u00f3n tras una lesi\u00f3n aguda<\/h3>\t\t\t\t<\/div>\n\t\t\t\t<div class=\"elementor-element elementor-element-73a66fc elementor-widget elementor-widget-text-editor\" data-id=\"73a66fc\" data-element_type=\"widget\" data-e-type=\"widget\" data-widget_type=\"text-editor.default\">\n\t\t\t\t\t\t\t\t\t<p>Las lesiones agudas se producen despu\u00e9s de un traumatismo en alguna parte del cuerpo, por ejemplo, si te tuerces un tobillo, te rompes el menisco o se te produce una hernia en la espalda. Un fisioterapeuta especializado en rehabilitaci\u00f3n en traumatolog\u00eda y ortopedia puede ayudarte de las siguientes maneras:<\/p>\n<ul>\n<li class=\"cqlist-item\">Controlar el dolor y la hinchaz\u00f3n<\/li>\n<li class=\"cqlist-item\">Recuperar toda la amplitud de movimiento posible<\/li>\n<li class=\"cqlist-item\">Recuperar la fuerza<\/li>\n<li class=\"cqlist-item\">Aprender a moverse de forma que no se produzcan nuevas complicaciones<\/li>\n<\/ul>\t\t\t\t\t\t\t\t<\/div>\n\t\t\t\t<div class=\"elementor-element elementor-element-3c04426 elementor-widget elementor-widget-heading\" data-id=\"3c04426\" data-element_type=\"widget\" data-e-type=\"widget\" data-widget_type=\"heading.default\">\n\t\t\t\t\t<h3 class=\"elementor-heading-title elementor-size-default\">Rehabilitaci\u00f3n tras una lesi\u00f3n cr\u00f3nica<\/h3>\t\t\t\t<\/div>\n\t\t\t\t<div class=\"elementor-element elementor-element-d15ff6b elementor-widget elementor-widget-text-editor\" data-id=\"d15ff6b\" data-element_type=\"widget\" data-e-type=\"widget\" data-widget_type=\"text-editor.default\">\n\t\t\t\t\t\t\t\t\t<p>Normalmente, una lesi\u00f3n cr\u00f3nica se produce por un patr\u00f3n de movimiento que se repite a lo largo del tiempo provocando lesiones en sus huesos, tendones o articulaciones. Algunos de los ejemplos m\u00e1s comunes de estas lesiones son los dolores de espinilla, el s\u00edndrome de t\u00fanel carpiano o el codo de tenista.<\/p>\n<p>Un\u00a0<a href=\"https:\/\/fisioterapiaenibiza.com\/especialidades-y-tratamientos\/osteopatia\/\">oste\u00f3pata ortop\u00e9dico<\/a>\u00a0puede ayudarte a controlar s\u00edntomas como el dolor o la hinchaz\u00f3n y puede ense\u00f1arte c\u00f3mo moverte para evitar complicaciones o lesiones futuras.<\/p>\t\t\t\t\t\t\t\t<\/div>\n\t\t\t\t<div class=\"elementor-element elementor-element-8d75c23 elementor-widget elementor-widget-heading\" data-id=\"8d75c23\" data-element_type=\"widget\" data-e-type=\"widget\" data-widget_type=\"heading.default\">\n\t\t\t\t\t<h2 class=\"elementor-heading-title elementor-size-default\">\u00bfQu\u00e9 tipos de tratamientos se utilizan?<\/h2>\t\t\t\t<\/div>\n\t\t\t\t<div class=\"elementor-element elementor-element-a89648d elementor-widget elementor-widget-text-editor\" data-id=\"a89648d\" data-element_type=\"widget\" data-e-type=\"widget\" data-widget_type=\"text-editor.default\">\n\t\t\t\t\t\t\t\t\t<p>Para tratar la rehabilitaci\u00f3n en traumatolog\u00eda y ortopedia los fisioterapeutas utilizan diferentes tratamientos como los que puedes encontrar a continuaci\u00f3n:<\/p>\n<ul class=\"altodelineali\">\n<li><strong>Ejercicios:<\/strong>\u00a0El fisioterapeuta incluye en el tratamiento una serie de ejercicios que te ayudar\u00e1n a aumentar tu fuerza, movilidad y equilibrio. Al principio el fisioterapeuta te guiar\u00e1 para hacerlos correctamente de forma que los puedas realizar con regularidad en casa.<\/li>\n<li><strong>Electroestimulaci\u00f3n<\/strong>: Esta t\u00e9cnica implica colocar un dispositivo de electroestimulaci\u00f3n en la zona del cuerpo a tratar reduciendo el dolor.<\/li>\n<li><strong>Tracci\u00f3n:\u00a0<\/strong>Puede realizarse mediante\u00a0<a href=\"https:\/\/fisioterapiaenibiza.com\/especialidades-y-tratamientos\/terapia-manual\/\">terapia manual<\/a>\u00a0eliminando la presi\u00f3n de las articulaciones da\u00f1adas, especialmente en personas con dolor de cuello, lumbar o con enfermedades discales.<\/li>\n<li><strong>Manipulaci\u00f3n de tejidos blandos<\/strong>: Es otra forma de terapia manual en la que se utilizan t\u00e9cnicas manuales para reducir el dolor y la tensi\u00f3n muscular<\/li>\n<\/ul>\t\t\t\t\t\t\t\t<\/div>\n\t\t\t\t<div class=\"elementor-element elementor-element-b98c8c9 elementor-widget elementor-widget-heading\" data-id=\"b98c8c9\" data-element_type=\"widget\" data-e-type=\"widget\" data-widget_type=\"heading.default\">\n\t\t\t\t\t<h2 class=\"elementor-heading-title elementor-size-default\">\u00bfC\u00f3mo se pueden obtener los mejores resultados de la fisioterapia orientada a rehabilitaci\u00f3n en traumatolog\u00eda y ortopedia?<\/h2>\t\t\t\t<\/div>\n\t\t\t\t<div class=\"elementor-element elementor-element-76988a4 elementor-widget elementor-widget-text-editor\" data-id=\"76988a4\" data-element_type=\"widget\" data-e-type=\"widget\" data-widget_type=\"text-editor.default\">\n\t\t\t\t\t\t\t\t\t<p>Para aprovechar al m\u00e1ximo cada sesi\u00f3n de fisioterapia, es importante que trabajes con un fisioterapeuta con el que te sientas c\u00f3modo y seguro. La confianza en tu tratamiento es uno de los elementos m\u00e1s importantes. Haz todas las preguntas que consideres convenientes. En Fisioterapia en Ibiza puedes\u00a0<a class=\"rank-math-link\" href=\"https:\/\/fisioterapiaenibiza.com\/contacto\/\">contactarnos<\/a>\u00a0para consultarnos cualquier duda que desees. Desde nuestro centro de fisioterapia establecemos objetivos claros y alcanzables.<\/p>\n<p>Debes ser sincero siempre en cuanto a tu tolerancia al dolor y realizar todos los ejercicios en casa, si no est\u00e1s seguro de estar realizando bien alguno, consulta siempre con tu fisioterapeuta y acude a cada una de tus citas aunque ya sientas mejor\u00eda.<\/p>\t\t\t\t\t\t\t\t<\/div>\n\t\t\t\t<div class=\"elementor-element elementor-element-f039c56 elementor-widget elementor-widget-heading\" data-id=\"f039c56\" data-element_type=\"widget\" data-e-type=\"widget\" data-widget_type=\"heading.default\">\n\t\t\t\t\t<h2 class=\"elementor-heading-title elementor-size-default\">Otros tratamientos<\/h2>\t\t\t\t<\/div>\n\t\t\t\t\t<\/div>\n\t\t\t\t<\/div>\n\t\t<div class=\"elementor-element elementor-element-2c4254b e-flex e-con-boxed e-con e-parent\" data-id=\"2c4254b\" data-element_type=\"container\" data-e-type=\"container\">\n\t\t\t\t\t<div class=\"e-con-inner\">\n\t\t<div class=\"elementor-element elementor-element-2233582 e-con-full e-flex e-con e-child\" data-id=\"2233582\" data-element_type=\"container\" data-e-type=\"container\">\n\t\t\t\t<div class=\"elementor-element elementor-element-fa6771a elementor-widget elementor-widget-image\" data-id=\"fa6771a\" data-element_type=\"widget\" data-e-type=\"widget\" data-widget_type=\"image.default\">\n\t\t\t\t\t\t\t\t\t\t\t\t\t\t\t\t<a href=\"\/especialidades-y-tratamientos\/deportiva-lesiones\/\">\n\t\t\t\t\t\t\t<img decoding=\"async\" src=\"https:\/\/staging.fisioterapiaenibiza.com\/wp-content\/uploads\/elementor\/thumbs\/fisioterapia-lesiones-deportivas-1-163x300-1-qyq6e9vetwkypvfpkw6wrsgej9dwm4we7fdf1l28mk.webp\" title=\"fisioterapia-lesiones-deportivas-1-163&#215;300\" alt=\"fisioterapia en lesiones deportivas\" loading=\"lazy\" \/>\t\t\t\t\t\t\t\t<\/a>\n\t\t\t\t\t\t\t\t\t\t\t\t\t\t\t<\/div>\n\t\t\t\t<div class=\"elementor-element elementor-element-cc616f9 elementor-widget elementor-widget-text-editor\" data-id=\"cc616f9\" data-element_type=\"widget\" data-e-type=\"widget\" data-widget_type=\"text-editor.default\">\n\t\t\t\t\t\t\t\t\t<div class=\"title\"><a href=\"\/especialidades-y-tratamientos\/deportiva-lesiones\/\">Fisioterapia Deportiva para Lesiones<\/a><\/div>\t\t\t\t\t\t\t\t<\/div>\n\t\t\t\t<\/div>\n\t\t<div class=\"elementor-element elementor-element-5195a64 e-con-full e-flex e-con e-child\" data-id=\"5195a64\" data-element_type=\"container\" data-e-type=\"container\">\n\t\t\t\t<div class=\"elementor-element elementor-element-701e5d4 elementor-widget elementor-widget-image\" data-id=\"701e5d4\" data-element_type=\"widget\" data-e-type=\"widget\" data-widget_type=\"image.default\">\n\t\t\t\t\t\t\t\t\t\t\t\t\t\t\t\t<a href=\"\/especialidades-y-tratamientos\/osteopatia\/\">\n\t\t\t\t\t\t\t<img decoding=\"async\" src=\"https:\/\/staging.fisioterapiaenibiza.com\/wp-content\/uploads\/elementor\/thumbs\/osteopatia-249x300-1-qyq79qixl9nhbzqguzscqcmuckb79esy75hic0eucs.webp\" title=\"osteopatia-249&#215;300\" alt=\"osteopat\u00eda\" loading=\"lazy\" \/>\t\t\t\t\t\t\t\t<\/a>\n\t\t\t\t\t\t\t\t\t\t\t\t\t\t\t<\/div>\n\t\t\t\t<div class=\"elementor-element elementor-element-02c1764 elementor-widget elementor-widget-text-editor\" data-id=\"02c1764\" data-element_type=\"widget\" data-e-type=\"widget\" data-widget_type=\"text-editor.default\">\n\t\t\t\t\t\t\t\t\t<div class=\"title\"><a href=\"\/especialidades-y-tratamientos\/osteopatia\/\">Osteopat\u00eda en Ibiza<\/a><\/div>\t\t\t\t\t\t\t\t<\/div>\n\t\t\t\t<\/div>\n\t\t<div class=\"elementor-element elementor-element-0742f2e e-con-full e-flex e-con e-child\" data-id=\"0742f2e\" data-element_type=\"container\" data-e-type=\"container\">\n\t\t\t\t<div class=\"elementor-element elementor-element-26ce7e4 elementor-widget elementor-widget-image\" data-id=\"26ce7e4\" data-element_type=\"widget\" data-e-type=\"widget\" data-widget_type=\"image.default\">\n\t\t\t\t\t\t\t\t\t\t\t\t\t\t\t\t<a href=\"\/especialidades-y-tratamientos\/fisioterapia-neurologica\/\">\n\t\t\t\t\t\t\t<img decoding=\"async\" src=\"https:\/\/staging.fisioterapiaenibiza.com\/wp-content\/uploads\/elementor\/thumbs\/fisioterapia-neurologica-p8ehhffa07kzht9iclufe9f3vvxgpvtoqpnz5ty2b0.jpg\" title=\"fisioterapia-neurologica\" alt=\"fisioterapia neurol\u00f3gica\" loading=\"lazy\" \/>\t\t\t\t\t\t\t\t<\/a>\n\t\t\t\t\t\t\t\t\t\t\t\t\t\t\t<\/div>\n\t\t\t\t<div class=\"elementor-element elementor-element-e8ce539 elementor-widget elementor-widget-text-editor\" data-id=\"e8ce539\" data-element_type=\"widget\" data-e-type=\"widget\" data-widget_type=\"text-editor.default\">\n\t\t\t\t\t\t\t\t\t<div class=\"title\"><a href=\"\/especialidades-y-tratamientos\/fisioterapia-neurologica\/\">Fisioterapia Neurol\u00f3gica en Ibiza<\/a><\/div>\t\t\t\t\t\t\t\t<\/div>\n\t\t\t\t<\/div>\n\t\t\t\t\t<\/div>\n\t\t\t\t<\/div>\n\t\t\t\t<\/div>\n\t\t","protected":false},"excerpt":{"rendered":"<p>[vc_row top=&#8221;20px&#8221; bottom=&#8221;20px&#8221;][vc_column css_animation=&#8221;fadeInUp&#8221; width=&#8221;2\/3&#8243;][vc_column_text]Orthopedic physical therapy deals with injuries to the skeletal system or to muscles, joints or ligaments. A qualified physiotherapist can help you recover your day-to-day activities after surgery, rupture, dislocation or muscle tear among many other ailments. This is because rehabilitation-oriented physiotherapy in traumatology and orthopedics deals with diseases that affect [&hellip;]<\/p>\n","protected":false},"author":2,"featured_media":1976,"parent":525,"menu_order":0,"comment_status":"closed","ping_status":"closed","template":"","meta":{"footnotes":""},"class_list":["post-1548","page","type-page","status-publish","has-post-thumbnail","hentry"],"_links":{"self":[{"href":"https:\/\/staging.fisioterapiaenibiza.com\/en\/wp-json\/wp\/v2\/pages\/1548","targetHints":{"allow":["GET"]}}],"collection":[{"href":"https:\/\/staging.fisioterapiaenibiza.com\/en\/wp-json\/wp\/v2\/pages"}],"about":[{"href":"https:\/\/staging.fisioterapiaenibiza.com\/en\/wp-json\/wp\/v2\/types\/page"}],"author":[{"embeddable":true,"href":"https:\/\/staging.fisioterapiaenibiza.com\/en\/wp-json\/wp\/v2\/users\/2"}],"replies":[{"embeddable":true,"href":"https:\/\/staging.fisioterapiaenibiza.com\/en\/wp-json\/wp\/v2\/comments?post=1548"}],"version-history":[{"count":1,"href":"https:\/\/staging.fisioterapiaenibiza.com\/en\/wp-json\/wp\/v2\/pages\/1548\/revisions"}],"predecessor-version":[{"id":2643,"href":"https:\/\/staging.fisioterapiaenibiza.com\/en\/wp-json\/wp\/v2\/pages\/1548\/revisions\/2643"}],"up":[{"embeddable":true,"href":"https:\/\/staging.fisioterapiaenibiza.com\/en\/wp-json\/wp\/v2\/pages\/525"}],"wp:featuredmedia":[{"embeddable":true,"href":"https:\/\/staging.fisioterapiaenibiza.com\/en\/wp-json\/wp\/v2\/media\/1976"}],"wp:attachment":[{"href":"https:\/\/staging.fisioterapiaenibiza.com\/en\/wp-json\/wp\/v2\/media?parent=1548"}],"curies":[{"name":"wp","href":"https:\/\/api.w.org\/{rel}","templated":true}]}}