{"id":1550,"date":"2021-10-03T08:06:42","date_gmt":"2021-10-03T08:06:42","guid":{"rendered":"https:\/\/fisioterapiaenibiza.com\/specialties-and-treatments\/terapia-manual\/"},"modified":"2026-02-09T07:48:16","modified_gmt":"2026-02-09T06:48:16","slug":"manual-therapy","status":"publish","type":"page","link":"https:\/\/staging.fisioterapiaenibiza.com\/en\/specialties-and-treatments\/manual-therapy\/","title":{"rendered":"Manual Therapy"},"content":{"rendered":"\t\t<div data-elementor-type=\"wp-page\" data-elementor-id=\"1550\" class=\"elementor elementor-1550 elementor-647\" data-elementor-post-type=\"page\">\n\t\t\t\t<div class=\"elementor-element elementor-element-8f39b17 e-flex e-con-boxed e-con e-parent\" data-id=\"8f39b17\" data-element_type=\"container\" data-e-type=\"container\" data-settings=\"{&quot;background_background&quot;:&quot;classic&quot;}\">\n\t\t\t\t\t<div class=\"e-con-inner\">\n\t\t\t\t<div class=\"elementor-element elementor-element-a36df9e elementor-widget elementor-widget-heading\" data-id=\"a36df9e\" data-element_type=\"widget\" data-e-type=\"widget\" data-widget_type=\"heading.default\">\n\t\t\t\t\t<h1 class=\"elementor-heading-title elementor-size-default\">Terapia Manual<\/h1>\t\t\t\t<\/div>\n\t\t\t\t<div class=\"elementor-element elementor-element-96733f7 elementor-widget elementor-widget-breadcrumbs\" data-id=\"96733f7\" data-element_type=\"widget\" data-e-type=\"widget\" data-widget_type=\"breadcrumbs.default\">\n\t\t\t\t<div class=\"elementor-widget-container\">\n\t\t\t\t\t<nav aria-label=\"breadcrumbs\" class=\"rank-math-breadcrumb\"><p><span class=\"last\">Fisioterapia Ibiza<\/span><\/p><\/nav>\t\t\t\t<\/div>\n\t\t\t\t<\/div>\n\t\t\t\t\t<\/div>\n\t\t\t\t<\/div>\n\t\t<div class=\"elementor-element elementor-element-b0f065e e-flex e-con-boxed e-con e-parent\" data-id=\"b0f065e\" data-element_type=\"container\" data-e-type=\"container\">\n\t\t\t\t\t<div class=\"e-con-inner\">\n\t\t<div class=\"elementor-element elementor-element-dd6bcb7 e-con-full e-flex e-con e-child\" data-id=\"dd6bcb7\" data-element_type=\"container\" data-e-type=\"container\">\n\t\t\t\t<div class=\"elementor-element elementor-element-d63c1d7 elementor-widget elementor-widget-text-editor\" data-id=\"d63c1d7\" data-element_type=\"widget\" data-e-type=\"widget\" data-widget_type=\"text-editor.default\">\n\t\t\t\t\t\t\t\t\t<p>Por lo general, los pacientes que acuden a una cita de fisioterapia esperan recibir instrucciones para realizar una serie de ejercicios. Y, aunque estamos de acuerdo en que hacer ejercicios es necesario en la mayor\u00eda de los casos, muchos fisioterapeutas se enfocan en entender por qu\u00e9 el m\u00fasculo no est\u00e1 funcionando correctamente. Consideran que el ejercicio no es la principal forma de recuperaci\u00f3n, sino un complemento a la terapia manual.<\/p>\n<p>Como su nombre lo indica, la terapia manual se lleva a cabo con las manos. Los\u00a0<a href=\"https:\/\/fisioterapiaenibiza.com\/especialidades-y-tratamientos\/osteopatia\/\">oste\u00f3patas<\/a>\u00a0aplican presi\u00f3n sobre los tejidos musculares y manipulan las articulaciones, lo que ayuda a aliviar el dolor, aumentar el rango de movimiento y reparar los m\u00fasculos o tejidos blandos, reduciendo su inflamaci\u00f3n.<\/p>\t\t\t\t\t\t\t\t<\/div>\n\t\t\t\t<\/div>\n\t\t\t\t<div class=\"elementor-element elementor-element-8330c8d elementor-widget__width-initial elementor-widget-mobile__width-inherit elementor-widget elementor-widget-image\" data-id=\"8330c8d\" data-element_type=\"widget\" data-e-type=\"widget\" data-widget_type=\"image.default\">\n\t\t\t\t\t\t\t\t\t\t\t\t\t\t\t<img fetchpriority=\"high\" decoding=\"async\" width=\"303\" height=\"275\" src=\"https:\/\/staging.fisioterapiaenibiza.com\/wp-content\/uploads\/fisioterapia-manual.jpg\" class=\"attachment-large size-large wp-image-833\" alt=\"fisioterapia manual\" srcset=\"https:\/\/staging.fisioterapiaenibiza.com\/wp-content\/uploads\/fisioterapia-manual.jpg 303w, https:\/\/staging.fisioterapiaenibiza.com\/wp-content\/uploads\/fisioterapia-manual-300x272.jpg 300w\" sizes=\"(max-width: 303px) 100vw, 303px\" title=\"\">\t\t\t\t\t\t\t\t\t\t\t\t\t\t\t<\/div>\n\t\t\t\t\t<\/div>\n\t\t\t\t<\/div>\n\t\t<div class=\"elementor-element elementor-element-dc0f6ea e-flex e-con-boxed e-con e-parent\" data-id=\"dc0f6ea\" data-element_type=\"container\" data-e-type=\"container\">\n\t\t\t\t\t<div class=\"e-con-inner\">\n\t\t\t\t<div class=\"elementor-element elementor-element-d453b8e elementor-widget elementor-widget-text-editor\" data-id=\"d453b8e\" data-element_type=\"widget\" data-e-type=\"widget\" data-widget_type=\"text-editor.default\">\n\t\t\t\t\t\t\t\t\t<ul>\n<li class=\"cqlist-item\">Mejorar la extensibilidad de los tejidos<\/li>\n<li class=\"cqlist-item\">Aumentar la amplitud de movimiento<\/li>\n<li class=\"cqlist-item\">Movilizar o manipular los tejidos blandos y las articulaciones<\/li>\n<li class=\"cqlist-item\">Inducir la relajaci\u00f3n<\/li>\n<li class=\"cqlist-item\">Cambiar la funci\u00f3n muscular<\/li>\n<li class=\"cqlist-item\">Modular el dolor y reducir la hinchaz\u00f3n y la inflamaci\u00f3n de los tejidos blandos.<\/li>\n<\/ul>\n<p>La terapia manual engloba muchas t\u00e9cnicas manuales espec\u00edficas, algunas son m\u00e1s comunes y conocidas que otras, seguro que la mayor\u00eda de nosotros hemos recibido alg\u00fan tipo de terapia manual en nuestra vida por una\u00a0<a href=\"https:\/\/fisioterapiaenibiza.com\/especialidades-y-tratamientos\/fisioterapia-en-lesiones-deportivas\/\">lesi\u00f3n deportiva<\/a>\u00a0como pueden ser:<\/p>\n<ul>\n<li class=\"cqlist-item\">Movimiento de las articulaciones en direcciones espec\u00edficas y a diferentes velocidades para recuperar el movimiento<\/li>\n<li class=\"cqlist-item\">Estiramientos musculares<\/li>\n<li class=\"cqlist-item\">Movimientos pasivos de la parte del cuerpo afectada<\/li>\n<li class=\"cqlist-item\">Hacer que el paciente mueva la parte del cuerpo contra la resistencia del fisioterapeuta para mejorar la activaci\u00f3n muscular y la sincronizaci\u00f3n<\/li>\n<li class=\"cqlist-item\">Movilizaci\u00f3n de tejidos blandos asistida por instrumentos<\/li>\n<li class=\"cqlist-item\">Manipulaci\u00f3n articular de alta velocidad y baja amplitud con la intenci\u00f3n de restaurar el movimiento y la funci\u00f3n \u00f3ptima y reducir el dolor<\/li>\n<li>Dolor de cuello: patolog\u00eda discal, espasmo muscular, hipomovilidad costal, dolor de cuello postquir\u00fargico\n<\/li>\n<li>\nDolor lumbar: patolog\u00eda discal, pinzamiento de la articulaci\u00f3n, dolor de espalda postquir\u00fargico\n<\/li>\n<li>\nDolor en la columna a partir de media espalda\n<\/li>\n<li>\nDolores de cabeza: cefaleas y migra\u00f1as\n<\/li>\n<li>\nDisfunci\u00f3n de la ATM\n<\/li>\n<li>\nDolor de cadera: pinzamiento de cadera, dolor de cadera en el gl\u00fateo o en el lateral de la cadera, pr\u00f3tesis de cadera posquir\u00fargicas\n<\/li>\n<li>\nDolor de rodilla: disfunci\u00f3n patelofemoral, tendinitis, rodillas post-quir\u00fargicas incluyendo reemplazos totales de rodilla\n<\/li>\n<li>\nDolor de tobillo: esguinces de tobillo, dolor cr\u00f3nico de tobillo, artritis de tobillo, dolor de tobillo posquir\u00fargico\n<\/li>\n<li>\nDolor de hombro: s\u00edndrome de pinzamiento, discinesia escapular, hombro congelado\/capsulitis adhesiva, hombro posquir\u00fargico\n<\/li>\n<li>\nFibromialgia\n<\/li>\n<\/ul>\t\t\t\t\t\t\t\t<\/div>\n\t\t\t\t\t<\/div>\n\t\t\t\t<\/div>\n\t\t<div class=\"elementor-element elementor-element-443b3fb e-flex e-con-boxed e-con e-parent\" data-id=\"443b3fb\" data-element_type=\"container\" data-e-type=\"container\">\n\t\t\t\t\t<div class=\"e-con-inner\">\n\t\t<div class=\"elementor-element elementor-element-afaf592 e-con-full e-flex e-con e-child\" data-id=\"afaf592\" data-element_type=\"container\" data-e-type=\"container\">\n\t\t\t\t<div class=\"elementor-element elementor-element-61325a8 elementor-widget elementor-widget-heading\" data-id=\"61325a8\" data-element_type=\"widget\" data-e-type=\"widget\" data-widget_type=\"heading.default\">\n\t\t\t\t\t<h2 class=\"elementor-heading-title elementor-size-default\">\u00bfPor qu\u00e9 no todos los fisioterapeutas hacen t\u00e9cnicas de terapia manual?<\/h2>\t\t\t\t<\/div>\n\t\t\t\t<div class=\"elementor-element elementor-element-ef639e0 elementor-widget elementor-widget-text-editor\" data-id=\"ef639e0\" data-element_type=\"widget\" data-e-type=\"widget\" data-widget_type=\"text-editor.default\">\n\t\t\t\t\t\t\t\t\t<p>Se podr\u00eda decir que casi todos los fisioterapeutas utilizan t\u00e9cnicas de terapia manual en alg\u00fan momento de sus tratamientos. Pero \u00bfpor qu\u00e9 no utilizarla siempre que se pueda en un proceso de\u00a0<a href=\"https:\/\/fisioterapiaenibiza.com\/especialidades-y-tratamientos\/rehabilitacion-en-traumatologia-y-ortopedia\/\">rehabilitaci\u00f3n<\/a>? Se necesita mucha pr\u00e1ctica y habilidad para manejar terapias manuales complejas como en la\u00a0<a href=\"https:\/\/fisioterapiaenibiza.com\/especialidades-y-tratamientos\/fisioterapia-neurologica\/\">fisioterapia neurol\u00f3gica<\/a>\u00a0o\u00a0<a href=\"https:\/\/fisioterapiaenibiza.com\/especialidades-y-tratamientos\/fisioterapia-respiratoria\/\">respiratoria<\/a>\u00a0diagnosticar problemas en los tejidos blandos y encontrar las diferencias de consistencia, por lo que no todos los profesionales logran conseguirlo.<\/p>\n<p>En\u00a0<a class=\"rank-math-link\" href=\"https:\/\/fisioterapiaenibiza.com\/\">Fisioterapia en Ibiza<\/a>\u00a0hacemos las cosas diferentes y ayudamos a pacientes que no han tenido buenos resultados con la terapia manual en el pasado. Nuestros fisioterapeutas combinan lo mejor de una terapia manual no solo para reducir dolores, sino tambi\u00e9n para educar al cuerpo con unos patrones de movimiento saludables y eficientes. Cada uno de nuestros fisioterapeutas es un experto conocedor de la terapia manual y cada paciente recibe la mejor atenci\u00f3n por nuestra parte, incluyendo tambi\u00e9n est\u00e1 t\u00e9cnica en la\u00a0<a href=\"https:\/\/fisioterapiaenibiza.com\/especialidades-y-tratamientos\/fisioterapia-pediatrica\/\">fisioterapia pedi\u00e1trica<\/a>.<\/p>\t\t\t\t\t\t\t\t<\/div>\n\t\t\t\t<\/div>\n\t\t\t\t<div class=\"elementor-element elementor-element-f012336 elementor-widget__width-initial elementor-widget-mobile__width-inherit elementor-widget elementor-widget-image\" data-id=\"f012336\" data-element_type=\"widget\" data-e-type=\"widget\" data-widget_type=\"image.default\">\n\t\t\t\t\t\t\t\t\t\t\t\t\t\t\t<img decoding=\"async\" width=\"303\" height=\"331\" src=\"https:\/\/staging.fisioterapiaenibiza.com\/wp-content\/uploads\/fisioterapia-manual-ibiza.webp\" class=\"attachment-large size-large wp-image-1993\" alt=\"fisioterapia manual ibiza\" srcset=\"https:\/\/staging.fisioterapiaenibiza.com\/wp-content\/uploads\/fisioterapia-manual-ibiza.webp 303w, https:\/\/staging.fisioterapiaenibiza.com\/wp-content\/uploads\/fisioterapia-manual-ibiza-275x300.webp 275w\" sizes=\"(max-width: 303px) 100vw, 303px\" title=\"\">\t\t\t\t\t\t\t\t\t\t\t\t\t\t\t<\/div>\n\t\t\t\t\t<\/div>\n\t\t\t\t<\/div>\n\t\t<div class=\"elementor-element elementor-element-ec0311a e-flex e-con-boxed e-con e-parent\" data-id=\"ec0311a\" data-element_type=\"container\" data-e-type=\"container\">\n\t\t\t\t\t<div class=\"e-con-inner\">\n\t\t\t\t<div class=\"elementor-element elementor-element-5e24baa elementor-widget elementor-widget-heading\" data-id=\"5e24baa\" data-element_type=\"widget\" data-e-type=\"widget\" data-widget_type=\"heading.default\">\n\t\t\t\t\t<h2 class=\"elementor-heading-title elementor-size-default\">Otros tratamientos<\/h2>\t\t\t\t<\/div>\n\t\t\t\t\t<\/div>\n\t\t\t\t<\/div>\n\t\t<div class=\"elementor-element elementor-element-92d0933 e-flex e-con-boxed e-con e-parent\" data-id=\"92d0933\" data-element_type=\"container\" data-e-type=\"container\">\n\t\t\t\t\t<div class=\"e-con-inner\">\n\t\t<div class=\"elementor-element elementor-element-b7665a1 e-con-full e-flex e-con e-child\" data-id=\"b7665a1\" data-element_type=\"container\" data-e-type=\"container\">\n\t\t\t\t<div class=\"elementor-element elementor-element-79e0f2b elementor-widget elementor-widget-image\" data-id=\"79e0f2b\" data-element_type=\"widget\" data-e-type=\"widget\" data-widget_type=\"image.default\">\n\t\t\t\t\t\t\t\t\t\t\t\t\t\t\t\t<a href=\"\/especialidades-y-tratamientos\/deportiva-lesiones\/\">\n\t\t\t\t\t\t\t<img decoding=\"async\" src=\"https:\/\/staging.fisioterapiaenibiza.com\/wp-content\/uploads\/elementor\/thumbs\/fisioterapia-lesiones-deportivas-1-163x300-1-qyq6e9vetwkypvfpkw6wrsgej9dwm4we7fdf1l28mk.webp\" title=\"fisioterapia-lesiones-deportivas-1-163&#215;300\" alt=\"fisioterapia en lesiones deportivas\" loading=\"lazy\" \/>\t\t\t\t\t\t\t\t<\/a>\n\t\t\t\t\t\t\t\t\t\t\t\t\t\t\t<\/div>\n\t\t\t\t<div class=\"elementor-element elementor-element-2e1999c elementor-widget elementor-widget-text-editor\" data-id=\"2e1999c\" data-element_type=\"widget\" data-e-type=\"widget\" data-widget_type=\"text-editor.default\">\n\t\t\t\t\t\t\t\t\t<div class=\"title\"><a href=\"\/especialidades-y-tratamientos\/deportiva-lesiones\/\">Fisioterapia Deportiva para Lesiones<\/a><\/div>\t\t\t\t\t\t\t\t<\/div>\n\t\t\t\t<\/div>\n\t\t<div class=\"elementor-element elementor-element-f555af4 e-con-full e-flex e-con e-child\" data-id=\"f555af4\" data-element_type=\"container\" data-e-type=\"container\">\n\t\t\t\t<div class=\"elementor-element elementor-element-bc86d0c elementor-widget elementor-widget-image\" data-id=\"bc86d0c\" data-element_type=\"widget\" data-e-type=\"widget\" data-widget_type=\"image.default\">\n\t\t\t\t\t\t\t\t\t\t\t\t\t\t\t\t<a href=\"\/especialidades-y-tratamientos\/rehabilitacion-en-traumatologia-y-ortopedia\/\">\n\t\t\t\t\t\t\t<img decoding=\"async\" src=\"https:\/\/staging.fisioterapiaenibiza.com\/wp-content\/uploads\/elementor\/thumbs\/rehabilitacion-traumatologia-ortopedia-281x300-1-qyq68g9ehum0stw6kvl3trcm2c31xms92lw50vp164.webp\" title=\"rehabilitacion-traumatologia-ortopedia-281&#215;300\" alt=\"rehabilitacion traumatologia ortopedia\" loading=\"lazy\" \/>\t\t\t\t\t\t\t\t<\/a>\n\t\t\t\t\t\t\t\t\t\t\t\t\t\t\t<\/div>\n\t\t\t\t<div class=\"elementor-element elementor-element-66a2f65 elementor-widget elementor-widget-text-editor\" data-id=\"66a2f65\" data-element_type=\"widget\" data-e-type=\"widget\" data-widget_type=\"text-editor.default\">\n\t\t\t\t\t\t\t\t\t<div class=\"title\"><a href=\"\/especialidades-y-tratamientos\/rehabilitacion-en-traumatologia-y-ortopedia\/\">Rehabilitaci\u00f3n en Traumatolog\u00eda y Ortopedia<\/a><\/div>\t\t\t\t\t\t\t\t<\/div>\n\t\t\t\t<\/div>\n\t\t<div class=\"elementor-element elementor-element-4cc4d52 e-con-full e-flex e-con e-child\" data-id=\"4cc4d52\" data-element_type=\"container\" data-e-type=\"container\">\n\t\t\t\t<div class=\"elementor-element elementor-element-570c057 elementor-widget elementor-widget-image\" data-id=\"570c057\" data-element_type=\"widget\" data-e-type=\"widget\" data-widget_type=\"image.default\">\n\t\t\t\t\t\t\t\t\t\t\t\t\t\t\t\t<a href=\"\/especialidades-y-tratamientos\/fisioterapia-neurologica\/\">\n\t\t\t\t\t\t\t<img decoding=\"async\" src=\"https:\/\/staging.fisioterapiaenibiza.com\/wp-content\/uploads\/elementor\/thumbs\/fisioterapia-neurologica-p8ehhffa07kzht9iclufe9f3vvxgpvtoqpnz5ty2b0.jpg\" title=\"fisioterapia-neurologica\" alt=\"fisioterapia neurol\u00f3gica\" loading=\"lazy\" \/>\t\t\t\t\t\t\t\t<\/a>\n\t\t\t\t\t\t\t\t\t\t\t\t\t\t\t<\/div>\n\t\t\t\t<div class=\"elementor-element elementor-element-5520bb7 elementor-widget elementor-widget-text-editor\" data-id=\"5520bb7\" data-element_type=\"widget\" data-e-type=\"widget\" data-widget_type=\"text-editor.default\">\n\t\t\t\t\t\t\t\t\t<div class=\"title\"><a href=\"\/especialidades-y-tratamientos\/fisioterapia-neurologica\/\">Fisioterapia Neurol\u00f3gica en Ibiza<\/a><\/div>\t\t\t\t\t\t\t\t<\/div>\n\t\t\t\t<\/div>\n\t\t\t\t\t<\/div>\n\t\t\t\t<\/div>\n\t\t\t\t<\/div>\n\t\t","protected":false},"excerpt":{"rendered":"<p>[vc_row bottom=&#8221;20px&#8221;][vc_column css_animation=&#8221;fadeInUp&#8221; width=&#8221;2\/3&#8243;][vc_column_text] Typically, patients when they come to a physical therapy appointment expect to receive instructions on how to perform a series of exercises. And we agree that performing exercises is necessary in most cases. However, many physical therapists are interested in knowing why the muscle is not working properly and consider exercise [&hellip;]<\/p>\n","protected":false},"author":2,"featured_media":1993,"parent":525,"menu_order":0,"comment_status":"closed","ping_status":"closed","template":"","meta":{"footnotes":""},"class_list":["post-1550","page","type-page","status-publish","has-post-thumbnail","hentry"],"_links":{"self":[{"href":"https:\/\/staging.fisioterapiaenibiza.com\/en\/wp-json\/wp\/v2\/pages\/1550","targetHints":{"allow":["GET"]}}],"collection":[{"href":"https:\/\/staging.fisioterapiaenibiza.com\/en\/wp-json\/wp\/v2\/pages"}],"about":[{"href":"https:\/\/staging.fisioterapiaenibiza.com\/en\/wp-json\/wp\/v2\/types\/page"}],"author":[{"embeddable":true,"href":"https:\/\/staging.fisioterapiaenibiza.com\/en\/wp-json\/wp\/v2\/users\/2"}],"replies":[{"embeddable":true,"href":"https:\/\/staging.fisioterapiaenibiza.com\/en\/wp-json\/wp\/v2\/comments?post=1550"}],"version-history":[{"count":1,"href":"https:\/\/staging.fisioterapiaenibiza.com\/en\/wp-json\/wp\/v2\/pages\/1550\/revisions"}],"predecessor-version":[{"id":2644,"href":"https:\/\/staging.fisioterapiaenibiza.com\/en\/wp-json\/wp\/v2\/pages\/1550\/revisions\/2644"}],"up":[{"embeddable":true,"href":"https:\/\/staging.fisioterapiaenibiza.com\/en\/wp-json\/wp\/v2\/pages\/525"}],"wp:featuredmedia":[{"embeddable":true,"href":"https:\/\/staging.fisioterapiaenibiza.com\/en\/wp-json\/wp\/v2\/media\/1993"}],"wp:attachment":[{"href":"https:\/\/staging.fisioterapiaenibiza.com\/en\/wp-json\/wp\/v2\/media?parent=1550"}],"curies":[{"name":"wp","href":"https:\/\/api.w.org\/{rel}","templated":true}]}}