{"id":525,"date":"2021-01-13T11:20:03","date_gmt":"2021-01-13T11:20:03","guid":{"rendered":"http:\/\/fisioterapiaenibiza.com\/especialidades-y-tratamientos\/"},"modified":"2026-01-29T07:34:38","modified_gmt":"2026-01-29T06:34:38","slug":"specialties-and-treatments","status":"publish","type":"page","link":"https:\/\/staging.fisioterapiaenibiza.com\/en\/specialties-and-treatments\/","title":{"rendered":"Specialties and Treatments"},"content":{"rendered":"\t\t<div data-elementor-type=\"wp-page\" data-elementor-id=\"525\" class=\"elementor elementor-525 elementor-521\" data-elementor-post-type=\"page\">\n\t\t\t\t<div class=\"elementor-element elementor-element-0afbff6 e-flex e-con-boxed e-con e-parent\" data-id=\"0afbff6\" data-element_type=\"container\" data-e-type=\"container\" data-settings=\"{&quot;background_background&quot;:&quot;classic&quot;}\">\n\t\t\t\t\t<div class=\"e-con-inner\">\n\t\t\t\t<div class=\"elementor-element elementor-element-535f4e0 elementor-widget elementor-widget-heading\" data-id=\"535f4e0\" data-element_type=\"widget\" data-e-type=\"widget\" data-widget_type=\"heading.default\">\n\t\t\t\t\t<h1 class=\"elementor-heading-title elementor-size-default\">Especialidades y tratamientos<\/h1>\t\t\t\t<\/div>\n\t\t\t\t<div class=\"elementor-element elementor-element-7616b25 elementor-widget elementor-widget-breadcrumbs\" data-id=\"7616b25\" data-element_type=\"widget\" data-e-type=\"widget\" data-widget_type=\"breadcrumbs.default\">\n\t\t\t\t<div class=\"elementor-widget-container\">\n\t\t\t\t\t<nav aria-label=\"breadcrumbs\" class=\"rank-math-breadcrumb\"><p><span class=\"last\">Fisioterapia Ibiza<\/span><\/p><\/nav>\t\t\t\t<\/div>\n\t\t\t\t<\/div>\n\t\t\t\t\t<\/div>\n\t\t\t\t<\/div>\n\t\t<div class=\"elementor-element elementor-element-0eea545 e-flex e-con-boxed e-con e-parent\" data-id=\"0eea545\" data-element_type=\"container\" data-e-type=\"container\">\n\t\t\t\t\t<div class=\"e-con-inner\">\n\t\t<div class=\"elementor-element elementor-element-472598a e-con-full e-flex e-con e-child\" data-id=\"472598a\" data-element_type=\"container\" data-e-type=\"container\">\n\t\t\t\t<div class=\"elementor-element elementor-element-7dcacb5 elementor-widget elementor-widget-heading\" data-id=\"7dcacb5\" data-element_type=\"widget\" data-e-type=\"widget\" data-widget_type=\"heading.default\">\n\t\t\t\t\t<h2 class=\"elementor-heading-title elementor-size-default\">Osteopat\u00eda<\/h2>\t\t\t\t<\/div>\n\t\t\t\t<div class=\"elementor-element elementor-element-f0451a3 elementor-widget elementor-widget-text-editor\" data-id=\"f0451a3\" data-element_type=\"widget\" data-e-type=\"widget\" data-widget_type=\"text-editor.default\">\n\t\t\t\t\t\t\t\t\t<p>El prop\u00f3sito de nuestros\u00a0<a href=\"https:\/\/fisioterapiaenibiza.com\/especialidades-y-tratamientos\/osteopatia\/\">oste\u00f3patas<\/a>\u00a0es restaurar la funci\u00f3n normal y la estabilidad de las articulaciones para facilitar la curaci\u00f3n del cuerpo. Emplean sus manos para tratar el cuerpo de diferentes maneras, combinando t\u00e9cnicas suaves y vigorosas. Las t\u00e9cnicas se seleccionan seg\u00fan las necesidades de cada paciente y los s\u00edntomas que manifiestan.<\/p>\t\t\t\t\t\t\t\t<\/div>\n\t\t\t\t<div class=\"elementor-element elementor-element-28fa0d4 elementor-widget elementor-widget-heading\" data-id=\"28fa0d4\" data-element_type=\"widget\" data-e-type=\"widget\" data-widget_type=\"heading.default\">\n\t\t\t\t\t<h2 class=\"elementor-heading-title elementor-size-default\">Rehabilitaci\u00f3n en traumatolog\u00eda y ortopedia<\/h2>\t\t\t\t<\/div>\n\t\t\t\t<div class=\"elementor-element elementor-element-8f8d5b1 elementor-widget elementor-widget-text-editor\" data-id=\"8f8d5b1\" data-element_type=\"widget\" data-e-type=\"widget\" data-widget_type=\"text-editor.default\">\n\t\t\t\t\t\t\t\t\t<p>La\u00a0<a href=\"https:\/\/fisioterapiaenibiza.com\/especialidades-y-tratamientos\/rehabilitacion-en-traumatologia-y-ortopedia\/\">rehabilitaci\u00f3n ortop\u00e9dica<\/a>\u00a0abarca cualquier lesi\u00f3n o condici\u00f3n que afecte a los m\u00fasculos, huesos, cart\u00edlagos, articulaciones, tendones o ligamentos. Esto incluye afecciones como la artritis, el s\u00edndrome del t\u00fanel carpiano, las lesiones deportivas, fracturas \u00f3seas, pr\u00f3tesis articulares, desgarros del ligamento cruzado anterior, entre otras.<\/p>\t\t\t\t\t\t\t\t<\/div>\n\t\t\t\t<\/div>\n\t\t\t\t<div class=\"elementor-element elementor-element-d36311e elementor-widget elementor-widget-image\" data-id=\"d36311e\" data-element_type=\"widget\" data-e-type=\"widget\" data-widget_type=\"image.default\">\n\t\t\t\t\t\t\t\t\t\t\t\t\t\t\t<img fetchpriority=\"high\" decoding=\"async\" width=\"290\" height=\"276\" src=\"https:\/\/staging.fisioterapiaenibiza.com\/wp-content\/uploads\/especialidades-y-tratamientos.jpg\" class=\"attachment-large size-large wp-image-870\" alt=\"especialidades y tratamientos\" title=\"\">\t\t\t\t\t\t\t\t\t\t\t\t\t\t\t<\/div>\n\t\t\t\t\t<\/div>\n\t\t\t\t<\/div>\n\t\t<div class=\"elementor-element elementor-element-980dc3a e-flex e-con-boxed e-con e-parent\" data-id=\"980dc3a\" data-element_type=\"container\" data-e-type=\"container\">\n\t\t\t\t\t<div class=\"e-con-inner\">\n\t\t\t\t<div class=\"elementor-element elementor-element-b687aca elementor-widget elementor-widget-image\" data-id=\"b687aca\" data-element_type=\"widget\" data-e-type=\"widget\" data-widget_type=\"image.default\">\n\t\t\t\t\t\t\t\t\t\t\t\t\t\t\t<img decoding=\"async\" width=\"293\" height=\"336\" src=\"https:\/\/staging.fisioterapiaenibiza.com\/wp-content\/uploads\/Tratamientos-y-especialidades.jpg\" class=\"attachment-large size-large wp-image-874\" alt=\"Tratamientos y especialidades\" srcset=\"https:\/\/staging.fisioterapiaenibiza.com\/wp-content\/uploads\/Tratamientos-y-especialidades.jpg 293w, https:\/\/staging.fisioterapiaenibiza.com\/wp-content\/uploads\/Tratamientos-y-especialidades-262x300.jpg 262w\" sizes=\"(max-width: 293px) 100vw, 293px\" title=\"\">\t\t\t\t\t\t\t\t\t\t\t\t\t\t\t<\/div>\n\t\t<div class=\"elementor-element elementor-element-accbc35 e-con-full e-flex e-con e-child\" data-id=\"accbc35\" data-element_type=\"container\" data-e-type=\"container\">\n\t\t\t\t<div class=\"elementor-element elementor-element-16dd4c4 elementor-widget elementor-widget-heading\" data-id=\"16dd4c4\" data-element_type=\"widget\" data-e-type=\"widget\" data-widget_type=\"heading.default\">\n\t\t\t\t\t<h2 class=\"elementor-heading-title elementor-size-default\">Fisioterapia respiratoria<\/h2>\t\t\t\t<\/div>\n\t\t\t\t<div class=\"elementor-element elementor-element-495f17e elementor-widget elementor-widget-text-editor\" data-id=\"495f17e\" data-element_type=\"widget\" data-e-type=\"widget\" data-widget_type=\"text-editor.default\">\n\t\t\t\t\t\t\t\t\t<p>Fisioterapeutas especializados se dedican a tratar, educar y orientar a pacientes con problemas pulmonares y respiratorios. El objetivo de la\u00a0<a href=\"https:\/\/fisioterapiaenibiza.com\/especialidades-y-tratamientos\/fisioterapia-respiratoria\/\">fisioterapia respiratoria<\/a>\u00a0es eliminar el l\u00edquido o la mucosidad de los pulmones.<\/p>\t\t\t\t\t\t\t\t<\/div>\n\t\t\t\t<div class=\"elementor-element elementor-element-a0d859f elementor-widget elementor-widget-heading\" data-id=\"a0d859f\" data-element_type=\"widget\" data-e-type=\"widget\" data-widget_type=\"heading.default\">\n\t\t\t\t\t<h2 class=\"elementor-heading-title elementor-size-default\">Terapia manual<\/h2>\t\t\t\t<\/div>\n\t\t\t\t<div class=\"elementor-element elementor-element-4556655 elementor-widget elementor-widget-text-editor\" data-id=\"4556655\" data-element_type=\"widget\" data-e-type=\"widget\" data-widget_type=\"text-editor.default\">\n\t\t\t\t\t\t\t\t\t<p>La\u00a0<a href=\"https:\/\/fisioterapiaenibiza.com\/especialidades-y-tratamientos\/terapia-manual\/\">terapia manual<\/a>\u00a0consiste en movimientos pasivos aplicados por fisioterapeutas que se enfocan, de manera directa o indirecta, en diversas partes del cuerpo. Su prop\u00f3sito es generar cambios positivos en la experiencia de dolor del paciente.<\/p>\t\t\t\t\t\t\t\t<\/div>\n\t\t\t\t<div class=\"elementor-element elementor-element-29e8f53 elementor-widget elementor-widget-heading\" data-id=\"29e8f53\" data-element_type=\"widget\" data-e-type=\"widget\" data-widget_type=\"heading.default\">\n\t\t\t\t\t<h2 class=\"elementor-heading-title elementor-size-default\">Fisioterapia en lesiones deportivas<\/h2>\t\t\t\t<\/div>\n\t\t\t\t<div class=\"elementor-element elementor-element-6dc1ee2 elementor-widget elementor-widget-text-editor\" data-id=\"6dc1ee2\" data-element_type=\"widget\" data-e-type=\"widget\" data-widget_type=\"text-editor.default\">\n\t\t\t\t\t\t\t\t\t<p>El principal objetivo de la\u00a0<a href=\"https:\/\/fisioterapiaenibiza.com\/especialidades-y-tratamientos\/fisioterapia-en-lesiones-deportivas\/\">fisioterapia en lesiones deportivas<\/a>\u00a0es tratar y rehabilitar al deportista de manera completa tras una lesi\u00f3n o cirug\u00eda, con el fin de prevenir nuevas lesiones y facilitar su regreso a la pr\u00e1ctica deportiva en el menor tiempo posible.<\/p>\t\t\t\t\t\t\t\t<\/div>\n\t\t\t\t<\/div>\n\t\t\t\t\t<\/div>\n\t\t\t\t<\/div>\n\t\t<div class=\"elementor-element elementor-element-ef52ca9 e-flex e-con-boxed e-con e-parent\" data-id=\"ef52ca9\" data-element_type=\"container\" data-e-type=\"container\">\n\t\t\t\t\t<div class=\"e-con-inner\">\n\t\t\t\t<div class=\"elementor-element elementor-element-eaeb902 elementor-widget elementor-widget-heading\" data-id=\"eaeb902\" data-element_type=\"widget\" data-e-type=\"widget\" data-widget_type=\"heading.default\">\n\t\t\t\t\t<h2 class=\"elementor-heading-title elementor-size-default\">Fisioterapia neurol\u00f3gica<\/h2>\t\t\t\t<\/div>\n\t\t\t\t<div class=\"elementor-element elementor-element-4269e4d elementor-widget elementor-widget-text-editor\" data-id=\"4269e4d\" data-element_type=\"widget\" data-e-type=\"widget\" data-widget_type=\"text-editor.default\">\n\t\t\t\t\t\t\t\t\t<p>La\u00a0<a href=\"https:\/\/fisioterapiaenibiza.com\/especialidades-y-tratamientos\/fisioterapia-neurologica\/\">fisioterapia neurol\u00f3gica<\/a>\u00a0consiste en el tratamiento de personas con trastornos del movimiento originados por problemas del sistema nervioso y neuromuscular del cuerpo.<\/p><p>El fisioterapeuta ayuda a tratar y controlar los s\u00edntomas para mejorar la movilidad y el funcionamiento de la persona en el d\u00eda a d\u00eda.<\/p>\t\t\t\t\t\t\t\t<\/div>\n\t\t\t\t<div class=\"elementor-element elementor-element-8411007 elementor-widget elementor-widget-heading\" data-id=\"8411007\" data-element_type=\"widget\" data-e-type=\"widget\" data-widget_type=\"heading.default\">\n\t\t\t\t\t<h2 class=\"elementor-heading-title elementor-size-default\">Tratamientos y t\u00e9cnicas<\/h2>\t\t\t\t<\/div>\n\t\t\t\t<div class=\"elementor-element elementor-element-46098bb elementor-widget elementor-widget-text-editor\" data-id=\"46098bb\" data-element_type=\"widget\" data-e-type=\"widget\" data-widget_type=\"text-editor.default\">\n\t\t\t\t\t\t\t\t\t<ul>\n \t<li class=\"cqlist-item\">Gimnasia hipopresiva<\/li>\n \t<li class=\"cqlist-item\">Punci\u00f3n seca<\/li>\n \t<li class=\"cqlist-item\">Kinesiotape y vendajes funcionales<\/li>\n \t<li class=\"cqlist-item\">Drenaje linf\u00e1tico<\/li>\n \t<li class=\"cqlist-item\">Masaje terap\u00e9utico<\/li>\n \t<li class=\"cqlist-item\">Tecarterapia<\/li>\n \t<li class=\"cqlist-item\">Gimnasia para embarazadas<\/li>\n \t<li class=\"cqlist-item\">Disfunciones de la ATM<\/li>\n \t<li class=\"cqlist-item\">Electroterapia<\/li>\n \t<li class=\"cqlist-item\">L\u00e1serterapia<\/li>\n \t<li class=\"cqlist-item\">Magnetoterapia<\/li>\n \t<li class=\"cqlist-item\">Termoterapia<\/li>\n \t<li class=\"cqlist-item\">Traumatolog\u00eda y ortopedia<\/li>\n \t<li class=\"cqlist-item\">Yoga para embarazadas<\/li>\n \t<li class=\"cqlist-item\">Ultrasonoterapia<\/li>\n \t<li class=\"cqlist-item\">Reumatolog\u00eda<\/li>\n \t<li class=\"cqlist-item\">Regeneraci\u00f3n partes blandas<\/li>\n \t<li class=\"cqlist-item\">Dolor cr\u00f3nico<\/li>\n \t<li class=\"cqlist-item\">Reeducaci\u00f3n postural global<\/li>\n \t<li class=\"cqlist-item\">Clases dirigidas de hipopresivos<\/li>\n<\/ul>\t\t\t\t\t\t\t\t<\/div>\n\t\t\t\t\t<\/div>\n\t\t\t\t<\/div>\n\t\t<div class=\"elementor-element elementor-element-600deb3 e-flex e-con-boxed e-con e-parent\" data-id=\"600deb3\" data-element_type=\"container\" data-e-type=\"container\">\n\t\t\t\t\t<div class=\"e-con-inner\">\n\t\t<div class=\"elementor-element elementor-element-a8b7429 e-con-full e-flex e-con e-child\" data-id=\"a8b7429\" data-element_type=\"container\" data-e-type=\"container\">\n\t\t\t\t<div class=\"elementor-element elementor-element-10b0a9b elementor-widget elementor-widget-heading\" data-id=\"10b0a9b\" data-element_type=\"widget\" data-e-type=\"widget\" data-widget_type=\"heading.default\">\n\t\t\t\t\t<h2 class=\"elementor-heading-title elementor-size-default\">Fisioterapia pedi\u00e1trica<\/h2>\t\t\t\t<\/div>\n\t\t\t\t<div class=\"elementor-element elementor-element-5bd0d5c elementor-widget elementor-widget-text-editor\" data-id=\"5bd0d5c\" data-element_type=\"widget\" data-e-type=\"widget\" data-widget_type=\"text-editor.default\">\n\t\t\t\t\t\t\t\t\t<div class=\"wpb_text_column wpb_content_element\"><div class=\"wpb_wrapper\"><p>Los<a href=\"https:\/\/fisioterapiaenibiza.com\/especialidades-y-tratamientos\/fisioterapia-pediatrica\/\">\u00a0fisioterapeutas pedi\u00e1tricos<\/a>\u00a0ayudan a los ni\u00f1os a mejorar su rango de movimiento, su fuerza, su flexibilidad y habilidades motoras. El objetivo de la fisioterapia es ofrecer una intervenci\u00f3n temprana para los ni\u00f1os que pueden tener retrasos neurol\u00f3gicos y de desarrollo. Tambi\u00e9n ayuda a los ni\u00f1os con lesiones biomec\u00e1nicas, posicionales, deportivas y muchas otras.<\/p><p><b>\u00bfSu hijo duerme mal? \u00bftiene reflujo? \u00bfTiene mocos? \u00bfPadece estre\u00f1imiento? \u00bfNotas al ni\u00f1o raro pero no sabes qu\u00e9 tiene?<\/b><\/p><p>Muchas veces estos problemas encuentran la soluci\u00f3n en el tratamiento con\u00a0<a href=\"https:\/\/fisioterapiaenibiza.com\/\">Fisioterapia especializada<\/a>.<\/p><\/div><\/div><div class=\"wpb_text_column wpb_content_element\"><div class=\"wpb_wrapper\"><p><strong>Estrecha comunicaci\u00f3n con la familia<\/strong><\/p><p>El papel de los padres o tutores es muy importante en el desarrollo y cuidado del ni\u00f1o, especialmente en los primeros a\u00f1os de vida, por eso, intentamos potenciar siempre su protagonismo.\u00a0<b>La buena comunicaci\u00f3n con el ni\u00f1o y sus familiares nos ayuda a comprender mejor su situaci\u00f3n<\/b>\u00a0y aplicarle el tratamiento m\u00e1s adecuado.<\/p><p>Los ni\u00f1os deben estar motivados y tener una actitud positiva. Para ello, utilizamos\u00a0<b>herramientas basadas en el juego\u00a0<\/b>y siempre tenemos en cuenta los intereses del peque\u00f1o\/a.<\/p><\/div><\/div>\t\t\t\t\t\t\t\t<\/div>\n\t\t\t\t<\/div>\n\t\t\t\t<div class=\"elementor-element elementor-element-12bf0a6 elementor-widget elementor-widget-image\" data-id=\"12bf0a6\" data-element_type=\"widget\" data-e-type=\"widget\" data-widget_type=\"image.default\">\n\t\t\t\t\t\t\t\t\t\t\t\t\t\t\t<img decoding=\"async\" width=\"287\" height=\"471\" src=\"https:\/\/staging.fisioterapiaenibiza.com\/wp-content\/uploads\/fisioterapia-pediatrica-nino.jpg\" class=\"attachment-large size-large wp-image-888\" alt=\"fisioterapia-pediatrica-ni\u00f1o\" srcset=\"https:\/\/staging.fisioterapiaenibiza.com\/wp-content\/uploads\/fisioterapia-pediatrica-nino.jpg 287w, https:\/\/staging.fisioterapiaenibiza.com\/wp-content\/uploads\/fisioterapia-pediatrica-nino-183x300.jpg 183w\" sizes=\"(max-width: 287px) 100vw, 287px\" title=\"\">\t\t\t\t\t\t\t\t\t\t\t\t\t\t\t<\/div>\n\t\t\t\t\t<\/div>\n\t\t\t\t<\/div>\n\t\t<div class=\"elementor-element elementor-element-53681e6 e-flex e-con-boxed e-con e-parent\" data-id=\"53681e6\" data-element_type=\"container\" data-e-type=\"container\">\n\t\t\t\t\t<div class=\"e-con-inner\">\n\t\t\t\t<div class=\"elementor-element elementor-element-7e372cf elementor-widget elementor-widget-heading\" data-id=\"7e372cf\" data-element_type=\"widget\" data-e-type=\"widget\" data-widget_type=\"heading.default\">\n\t\t\t\t\t<h2 class=\"elementor-heading-title elementor-size-default\">Rehabilitaci\u00f3n del suelo p\u00e9lvico<\/h2>\t\t\t\t<\/div>\n\t\t\t\t<div class=\"elementor-element elementor-element-50d830f elementor-widget elementor-widget-text-editor\" data-id=\"50d830f\" data-element_type=\"widget\" data-e-type=\"widget\" data-widget_type=\"text-editor.default\">\n\t\t\t\t\t\t\t\t\t<p>M\u00e1s informaci\u00f3n en\u00a0<a href=\"https:\/\/suelopelvicoibiza.com\" target=\"_blank\" rel=\"noopener\">suelopelvicoibiza.com<\/a><\/p>\t\t\t\t\t\t\t\t<\/div>\n\t\t\t\t<div class=\"elementor-element elementor-element-065c605 elementor-widget elementor-widget-heading\" data-id=\"065c605\" data-element_type=\"widget\" data-e-type=\"widget\" data-widget_type=\"heading.default\">\n\t\t\t\t\t<h2 class=\"elementor-heading-title elementor-size-default\">Unidad Antigravedad<\/h2>\t\t\t\t<\/div>\n\t\t\t\t<div class=\"elementor-element elementor-element-6bdab27 elementor-widget elementor-widget-text-editor\" data-id=\"6bdab27\" data-element_type=\"widget\" data-e-type=\"widget\" data-widget_type=\"text-editor.default\">\n\t\t\t\t\t\t\t\t\t<div class=\"wpb_animate_when_almost_visible wpb_fadeInUp fadeInUp wpb_column vc_column_container vc_col-sm-4 wpb_start_animation animated\"><div class=\"vc_column-inner\"><div class=\"wpb_wrapper\"><div class=\"wpb_text_column wpb_content_element\"><div class=\"wpb_wrapper\"><p>Descubra las caracter\u00edsticas de este nuevo servicio de recuperaci\u00f3n antigravedad<\/p><\/div><\/div><\/div><\/div><\/div>\t\t\t\t\t\t\t\t<\/div>\n\t\t\t\t<div class=\"elementor-element elementor-element-8799c7c elementor-widget__width-initial elementor-widget-mobile__width-inherit elementor-widget elementor-widget-video\" data-id=\"8799c7c\" data-element_type=\"widget\" data-e-type=\"widget\" data-settings=\"{&quot;youtube_url&quot;:&quot;https:\\\/\\\/www.youtube.com\\\/watch?v=qYBv0sR48f8&amp;embeds_referring_euri=https%3A%2F%2Ffisioterapiaenibiza.com%2F&quot;,&quot;video_type&quot;:&quot;youtube&quot;,&quot;controls&quot;:&quot;yes&quot;}\" data-widget_type=\"video.default\">\n\t\t\t\t\t\t\t<div class=\"elementor-wrapper elementor-open-inline\">\n\t\t\t<div class=\"elementor-video\"><\/div>\t\t<\/div>\n\t\t\t\t\t\t<\/div>\n\t\t\t\t\t<\/div>\n\t\t\t\t<\/div>\n\t\t\t\t<\/div>\n\t\t","protected":false},"excerpt":{"rendered":"<p>[vc_row top=&#8221;20px&#8221; bottom=&#8221;20px&#8221;][vc_column width=&#8221;2\/3&#8243;][vc_column_text] Osteopathy The aim of our osteopaths is to restore normal function and joint stability to help the body heal. They use their hands to treat the body in a variety of ways, using a mixture of gentle and energetic techniques. Techniques are chosen according to the individual patient and the symptoms [&hellip;]<\/p>\n","protected":false},"author":2,"featured_media":0,"parent":0,"menu_order":0,"comment_status":"closed","ping_status":"closed","template":"","meta":{"footnotes":""},"class_list":["post-525","page","type-page","status-publish","hentry"],"_links":{"self":[{"href":"https:\/\/staging.fisioterapiaenibiza.com\/en\/wp-json\/wp\/v2\/pages\/525","targetHints":{"allow":["GET"]}}],"collection":[{"href":"https:\/\/staging.fisioterapiaenibiza.com\/en\/wp-json\/wp\/v2\/pages"}],"about":[{"href":"https:\/\/staging.fisioterapiaenibiza.com\/en\/wp-json\/wp\/v2\/types\/page"}],"author":[{"embeddable":true,"href":"https:\/\/staging.fisioterapiaenibiza.com\/en\/wp-json\/wp\/v2\/users\/2"}],"replies":[{"embeddable":true,"href":"https:\/\/staging.fisioterapiaenibiza.com\/en\/wp-json\/wp\/v2\/comments?post=525"}],"version-history":[{"count":1,"href":"https:\/\/staging.fisioterapiaenibiza.com\/en\/wp-json\/wp\/v2\/pages\/525\/revisions"}],"predecessor-version":[{"id":2612,"href":"https:\/\/staging.fisioterapiaenibiza.com\/en\/wp-json\/wp\/v2\/pages\/525\/revisions\/2612"}],"wp:attachment":[{"href":"https:\/\/staging.fisioterapiaenibiza.com\/en\/wp-json\/wp\/v2\/media?parent=525"}],"curies":[{"name":"wp","href":"https:\/\/api.w.org\/{rel}","templated":true}]}}